{"id":627,"date":"2014-08-19T09:46:58","date_gmt":"2014-08-19T06:46:58","guid":{"rendered":"http:\/\/travail.mpe.ro\/?page_id=627"},"modified":"2014-12-09T22:47:06","modified_gmt":"2014-12-09T20:47:06","slug":"obiective","status":"publish","type":"page","link":"https:\/\/travail.mpe.ro\/?page_id=627","title":{"rendered":"Obiective"},"content":{"rendered":"<div class=\"wpb_row row\">\n\t<div class=\"col-md-12 wpb_column column_container\">\n\t\t<div class=\"wpb_wrapper\">\n\t\t\t\n\t<div class=\"wpb_text_column wpb_content_element \">\n\t\t<div class=\"wpb_wrapper\">\n\t\t\t<p>Obiectivul general al proiectului TRAVAIL const\u0103 \u00een dezvoltarea aptitudinilor de munc\u0103 ale elevilor din \u00eenv\u0103\u021b\u0103m\u00e2ntul secundar din jude\u021bul Dolj pentru facilitarea tranzi\u021biei acestora de la \u0219coal\u0103 la via\u021ba activ\u0103 \u0219i pentru \u00eembun\u0103t\u0103\u021birea inser\u021biei acestora pe pia\u021ba muncii, prin consiliere \u0219i orientare profesional\u0103, prin activit\u0103\u021bi suport pentru consiliere \u0219i prin organizarea de stagii de preg\u0103tire practic\u0103 \u00een cadrul unor parteneriate cu agen\u021bi economici din Rom\u00e2nia \u0219i din Portugalia.<\/p>\n<p><strong>Obiective specifice<\/strong><\/p>\n<p>1. Con\u015ftientizarea elevilor privind beneficiile aduse de implementarea proiectului TRAVAIL \u015fi facilitarea accesului la informa\u0163ii privind modul de \u00eenscriere \u00een program \u015fi de r\u0103m\u00e2nere \u00een acesta.<\/p>\n<p>2. \u00cembun\u0103t\u0103\u0163irea serviciilor de consiliere \u015fi orientare \u00een carier\u0103 oferite celor 400 elevi din grupul \u0163int\u0103. Aceste sesiuni de informare sunt menite sa conduc\u0103 la cea mai corect\u0103 decizie pentru o alegere a carierei \u00een acord cu aptitudinile \u015fi interesele lor voca\u0163ionale;<\/p>\n<p>3. Cre\u015fterea gradului de informare in r\u00e2ndul elevilor din grupul \u0163int\u0103 \u00een ceea ce prive\u015fte domeniile de activitate \u00een care doresc s\u0103 dezvolte o carier\u0103. \u00cen acest sens, vor fi organizate activit\u0103\u0163i suport pentru consilierea \u015fi orientarea profesional\u0103: vizite de studiu, excursii tematice, \u00eent\u00e2lniri cu reprezentan\u0163i ai societ\u0103\u0163ii civile, ai mediului de afaceri, ai institu\u0163iilor publice \u015fi ai universit\u0103\u0163ilor. In plus, 40 de elevi au oportunitatea de a c\u0103p\u0103ta noi deprinderi socio-profesionale si de a-\u015fi dezvolta propriile abilit\u0103\u0163i \u00een doua tabere de dezvoltare personal\u0103 \u015fi profesional\u0103;<\/p>\n<p>4. Organizarea de stagii de preg\u0103tire practic\u0103 \u00een cadrul unor parteneriate dezvoltate cu agen\u0163i economici din Rom\u00e2nia \u015fi din Portugalia, la care vor participa 100 elevi in vederea facilit\u0103rii tranzi\u0163iei acestora de la \u015fcoal\u0103 la via\u0163a activ\u0103. Aceste stagii sunt menite creasc\u0103 \u00eensemn\u0103tatea cuno\u0219tin\u021belor dob\u00e2ndite la locul de munc\u0103.<\/p>\n\n\t\t<\/div> \n\t<\/div> \n\t\t<\/div> \n\t<\/div> \n<\/div>\n","protected":false},"excerpt":{"rendered":"Obiectivul general al proiectului TRAVAIL const\u0103 \u00een dezvoltarea aptitudinilor de munc\u0103 ale elevilor din \u00eenv\u0103\u021b\u0103m\u00e2ntul secundar din jude\u021bul Dolj pentru facilitarea tranzi\u021biei acestora de la \u0219coal\u0103 la via\u021ba activ\u0103 \u0219i pentru \u00eembun\u0103t\u0103\u021birea inser\u021biei acestora pe pia\u021ba muncii, prin consiliere \u0219i orientare profesional\u0103, prin activit\u0103\u021bi suport pentru consiliere \u0219i prin organizarea de stagii de preg\u0103tire practic\u0103 [...]","protected":false},"author":1,"featured_media":0,"parent":405,"menu_order":0,"comment_status":"open","ping_status":"open","template":"","meta":[],"_links":{"self":[{"href":"https:\/\/travail.mpe.ro\/index.php?rest_route=\/wp\/v2\/pages\/627"}],"collection":[{"href":"https:\/\/travail.mpe.ro\/index.php?rest_route=\/wp\/v2\/pages"}],"about":[{"href":"https:\/\/travail.mpe.ro\/index.php?rest_route=\/wp\/v2\/types\/page"}],"author":[{"embeddable":true,"href":"https:\/\/travail.mpe.ro\/index.php?rest_route=\/wp\/v2\/users\/1"}],"replies":[{"embeddable":true,"href":"https:\/\/travail.mpe.ro\/index.php?rest_route=%2Fwp%2Fv2%2Fcomments&post=627"}],"version-history":[{"count":6,"href":"https:\/\/travail.mpe.ro\/index.php?rest_route=\/wp\/v2\/pages\/627\/revisions"}],"predecessor-version":[{"id":801,"href":"https:\/\/travail.mpe.ro\/index.php?rest_route=\/wp\/v2\/pages\/627\/revisions\/801"}],"up":[{"embeddable":true,"href":"https:\/\/travail.mpe.ro\/index.php?rest_route=\/wp\/v2\/pages\/405"}],"wp:attachment":[{"href":"https:\/\/travail.mpe.ro\/index.php?rest_route=%2Fwp%2Fv2%2Fmedia&parent=627"}],"curies":[{"name":"wp","href":"https:\/\/api.w.org\/{rel}","templated":true}]}}