{"id":46,"date":"2014-01-30T12:16:37","date_gmt":"2014-01-30T12:16:37","guid":{"rendered":"http:\/\/localhost\/vertikal\/?page_id=46"},"modified":"2014-08-21T18:28:47","modified_gmt":"2014-08-21T15:28:47","slug":"about","status":"publish","type":"page","link":"https:\/\/travail.mpe.ro\/?page_id=46","title":{"rendered":"Despre noi"},"content":{"rendered":"<div class=\"wpb_row row\">\n\t<div class=\"col-md-12 wpb_column column_container\">\n\t\t<div class=\"wpb_wrapper\">\n\t\t\t\n\t<div class=\"wpb_text_column wpb_content_element \">\n\t\t<div class=\"wpb_wrapper\">\n\t\t\t<h2>Informa\u021bii generale<\/h2>\n<ul>\n<li>Organiza\u021bie nonguvernamental\u0103, nonprofit \u0219i apolitic\u0103, \u00eenfiin\u021bat\u0103 \u00een anul 2005;<\/li>\n<li>Membri fondatori: masteranzi \u0219i profesori de la programul de masterat Managementul Proiectelor Europene, Universitatea din Craiova;<\/li>\n<li>Membri activi, voluntari: 20 persoane;<\/li>\n<li>De\u021binem o bogat\u0103 experien\u021b\u0103, at\u00e2t \u00een implementarea de proiecte europene, c\u00e2t \u0219i \u00een derularea de activit\u0103\u021bi privind dezvoltarea de resurse umane \u0219i incluziunea social\u0103 a unor categorii de persoane defavorizate (popula\u021bia roma, tineri post-institu\u021bionaliza\u021bi, persoane din mediul rural etc.);<\/li>\n<li>Experien\u021b\u0103 \u00een dezvoltarea \u0219i gestionarea parteneriatelor cu organiza\u021bii locale, regionale \u0219i transna\u021bionale.<\/li>\n<\/ul>\n<p>Asocia\u021bia Mereu pentru Europa este membr\u0103 a:<\/p>\n<ul>\n<li>Re\u021belei de informare Europe Direct;<\/li>\n<li>Re\u021belei Multiplicatorilor Regio;<\/li>\n<li>Pactului teritorial Sud-Vest Oltenia pentru ocuparea for\u021bei de munc\u0103 \u0219i incluziune social\u0103;<\/li>\n<li>Re\u021belei Multiplicatorilor de Informa\u021bie European\u0103;<\/li>\n<li>International Volunteer Service Network VOLiNTEER org<\/li>\n<\/ul>\n<p>Asocia\u021bia Mereu pentru Europa a ob\u021binut \u00een anul 2007 certificarea SR EN ISO 9001:2001, care atest\u0103 competen\u021bele membrilor asocia\u021biei de a implementa proiecte \u00een concordan\u021b\u0103 cu standardele de calitate \u00een vigoare.<\/p>\n<h2>Obiective<\/h2>\n<ul>\n<li>Stimularea parteneriatelor \u0219i retelelor la nivel local, regional, na\u021bional \u0219i european;<\/li>\n<li>Promovarea drepturilor omului, a egalit\u0103\u021bii de \u0219anse \u0219i a nediscrimin\u0103rii;<\/li>\n<li>Dezvoltarea resurselor umane \u0219i a regiunii prin FPC;<\/li>\n<li>Dezvoltarea spiritului antreprenorial \u00een regiune;<\/li>\n<li>Cre\u0219terea calit\u0103\u021bii \u00een \u00eenv\u0103\u021b\u0103m\u00e2nt;<\/li>\n<li>Protec\u021bia mediului \u00eenconjur\u0103tor \u0219i a bio-diversit\u0103\u021bii;<\/li>\n<li>Conservarea patrimoniului cultural \u0219i a tradi\u021biilor;<\/li>\n<li>Facilitarea accesului cet\u0103\u0163enilor, at\u00e2t din mediul urban c\u00e2t \u015fi din mediul rural, la informa\u0163ii privind toate domeniile \u00een care Uniunea European\u0103 \u00ee\u015fi desf\u0103\u015foar\u0103 activit\u0103\u0163ile;<\/li>\n<li>Acordarea de asisten\u021b\u0103 IMM-urilor \u0219i altor organiza\u021bii \u0219i institu\u021bii \u00een \u00eentocmirea \u0219i implementarea proiectelor pentru ob\u021binerea de fonduri nerambursabile de la Uniunea European\u0103.<\/li>\n<\/ul>\n<p>&nbsp;<\/p>\n<h2>Domenii de expertiza<\/h2>\n<ul>\n<li><strong>Management de proiect<\/strong>: membrii asocia\u021biei sunt absolven\u021bi de programe de master sau cursuri postuniversitare, cadre didactice \u0219i formatori cu experien\u021b\u0103 \u00een domeniu;<\/li>\n<li><strong>Management antreprenorial<\/strong>: baz\u00e2ndu-se pe expertiza membrilor, asocia\u021bia este \u00een curs de acreditare ca furnizor de formare autorizat CNFPA pentru Competen\u021be antreprenoriale;<\/li>\n<li><strong>\u00cendrumare \u0219i consiliere<\/strong>: \u00eencep\u00e2nd cu anul din 2010, oferim servicii acreditate AJOFM de consiliere psihopedagogic\u0103 \u0219i voca\u021bional\u0103, c\u00e2t \u015fi de orientare a carierei, realizate individual sau colectiv, care vizeaz\u0103:\n<ul>\n<li>asistarea persoanelor \u00een stabilirea rutei profesionale;<\/li>\n<li>compatibilizarea individului cu profilul de carier\u0103;<\/li>\n<li>organizarea \u015fi desf\u0103\u015furarea activit\u0103\u0163ilor de consiliere individual\u0103 \u015fi de grup pe probleme de managementul carierei;<\/li>\n<li>organizarea \u015fi desf\u0103\u015furarea activit\u0103\u0163ilor de consiliere individual\u0103 \u015fi de grup pe probleme personale \u015fi educa\u0163ionale;<\/li>\n<li>evaluarea \u015fi testarea psihologic\u0103: aplicarea de teste psihologice de evaluare a intereselor (JVIS), aptitudinilor cognitive (BTPAC);<\/li>\n<li>dezvoltarea unui comportament de asistare educa\u0163ionala in acord cu deontologia profesionala.<\/li>\n<\/ul>\n<\/li>\n<li><strong>Networking \u0219i parteneriate<\/strong>:\n<ul>\n<li>Participarea, in cadrul unor largi grupuri parteneriale, la elaborarea unor strategii de dezvoltare a regiunii Sud-Vest Oltenia, a judetului Dolj si a municipiului Craiova;<\/li>\n<li>In calitate de membru al unor retele la nivel european, national si regional (Reteaua Europe Direct, Reteaua Multiplicatorilor de informatie europeana, Pactul Teritorial Sud-Vest Oltenia, STP), avem acces la importante resurse informationale, acest lucru creand premisele pentru indeplinirea obiectivelor propuse si a angajamentelor asumate.<\/li>\n<\/ul>\n<\/li>\n<\/ul>\n<p>&nbsp;<\/p>\n<h2>Experienta in proiecte europene ca beneficiar<\/h2>\n<ul>\n<li><strong>TRAVAIL<\/strong> \u2013 Tranzi\u021bia la via\u021ba activ\u0103 \u00een vederea integr\u0103rii pe pia\u021ba muncii pentru elevii din jude\u021bul Dolj, FSE POSDRU 2014 \u2013 \u00een implementare;<\/li>\n<li><strong>DELICOM<\/strong> \u2013 Dezvoltare local\u0103 integrat\u0103 sub responsabilitatea comunit\u0103\u021bii, Fondul ONG \u00een Rom\u00e2nia, Dezvoltarea comunit\u0103\u021bilor rurale interetnice- \u00een implementare;<\/li>\n<li><strong>PROFEM<\/strong> \u2013 Promovarea femeilor pe pia\u021ba muncii din regiunea Sud-Vest Oltenia, FSE POSDRU 2014 \u2013 \u00een implementare;<\/li>\n<li><strong>ARES<\/strong> \u2013 Calificarea \u0219i recalificarea angaja\u021bilor din domeniile servicii de securitate \u0219i comer\u021b din regiunile Bucure\u0219ti-Ilfov, Sud-Vest Oltenia, Sud Muntenia \u0219i Sud-Est, FSE POSDRU 2014 \u2013 \u00een implementare;<\/li>\n<li><strong>REPAN<\/strong> \u2013 Reinser\u021bie prin antreprenoriat, FSE POSDRU 2010 \u2013 \u00eencheiat;<\/li>\n<li><strong>ANSI<\/strong> \u2013 Antreprenoriat pentru \u0219omeri, FSE POSDRU 2010 \u2013 \u00eencheiat;<\/li>\n<li><strong>Centrul de informare Europe Direct Craiova<\/strong>, Comisia European\u0103, DG COMM, 2008 \u2013 \u00een implementare;<\/li>\n<\/ul>\n<p>&nbsp;<\/p>\n<h2>Experienta in proiecte europene ca partener<\/h2>\n<ul>\n<li><strong>TRANSEL<\/strong> \u2013 Stagii de practica si consilie pentru o tranzi\u0163ie facil\u0103 de la \u015fcoal\u0103 la via\u0163a activ\u0103 pentru elevii din jude\u021bul Gorj, FSE POSDRU 2014 \u2013 \u00een implementare;<\/li>\n<li><strong>TECHCOM<\/strong> \u2013 Tehnologii computa\u021bionale, formare \u00een ECDL \u0219i EqualSkills, FSE POSDRU 2011 \u2013 \u00eencheiat;<\/li>\n<li><strong>ACCESS<\/strong> \u2013 M\u0103suri active de ocupare \u00een jude\u021bul Dolj cu efecte pozitive asupra accesului la resurse financiare UE pentru dezvoltare local\u0103 sustenabil\u0103, FSE POSDRU 2011 \u2013 \u00een implementare;<\/li>\n<li><strong>DO IT<\/strong> \u2013 Formare profesional\u0103 \u00een domeniul IT, organizare job club, orientare \u0219i consiliere pentru \u0219omeri, FSE POSDRU 2010 \u2013 \u00eencheiat;<\/li>\n<li><strong>\u00cenfiin\u0163area \u015fi func\u0163ionarea Secretariatul Tehnic al Pactului Teritorial S-V Oltenia pentru Ocuparea For\u0163ei de Munc\u0103 \u015fi Incluziune Social\u0103 din regiunea Sud-Vest Oltenia \u2013 STPSV<\/strong>, FSE POSDRU 2008 \u2013 \u00eencheiat;<\/li>\n<li><strong>Curs de calificare pentru tinerii peste 18 ani care p\u0103r\u0103sesc sistemul de protec\u021bie a statului \u00een meseria de operator introducere, validare \u0219i prelucrare date \u2013 TINERI<\/strong>, Phare CES MIS 2006, \u00eencheiat;<\/li>\n<li><strong>6 proiecte \u00een cadrul Programului de Granturi pentru Dezvoltare \u0218colar\u0103<\/strong> \u2013 \u00eencheiate;<\/li>\n<li><strong>Proiecte educa\u021bionale<\/strong>, permanent.<\/li>\n<\/ul>\n\n\t\t<\/div> \n\t<\/div> \n\t\t<\/div> \n\t<\/div> \n<\/div>\n","protected":false},"excerpt":{"rendered":"Informa\u021bii generale Organiza\u021bie nonguvernamental\u0103, nonprofit \u0219i apolitic\u0103, \u00eenfiin\u021bat\u0103 \u00een anul 2005; Membri fondatori: masteranzi \u0219i profesori de la programul de masterat Managementul Proiectelor Europene, Universitatea din Craiova; Membri activi, voluntari: 20 persoane; De\u021binem o bogat\u0103 experien\u021b\u0103, at\u00e2t \u00een implementarea de proiecte europene, c\u00e2t \u0219i \u00een derularea de activit\u0103\u021bi privind dezvoltarea de resurse umane \u0219i incluziunea [...]","protected":false},"author":1,"featured_media":0,"parent":0,"menu_order":0,"comment_status":"open","ping_status":"open","template":"","meta":[],"_links":{"self":[{"href":"https:\/\/travail.mpe.ro\/index.php?rest_route=\/wp\/v2\/pages\/46"}],"collection":[{"href":"https:\/\/travail.mpe.ro\/index.php?rest_route=\/wp\/v2\/pages"}],"about":[{"href":"https:\/\/travail.mpe.ro\/index.php?rest_route=\/wp\/v2\/types\/page"}],"author":[{"embeddable":true,"href":"https:\/\/travail.mpe.ro\/index.php?rest_route=\/wp\/v2\/users\/1"}],"replies":[{"embeddable":true,"href":"https:\/\/travail.mpe.ro\/index.php?rest_route=%2Fwp%2Fv2%2Fcomments&post=46"}],"version-history":[{"count":4,"href":"https:\/\/travail.mpe.ro\/index.php?rest_route=\/wp\/v2\/pages\/46\/revisions"}],"predecessor-version":[{"id":641,"href":"https:\/\/travail.mpe.ro\/index.php?rest_route=\/wp\/v2\/pages\/46\/revisions\/641"}],"wp:attachment":[{"href":"https:\/\/travail.mpe.ro\/index.php?rest_route=%2Fwp%2Fv2%2Fmedia&parent=46"}],"curies":[{"name":"wp","href":"https:\/\/api.w.org\/{rel}","templated":true}]}}