{"id":421,"date":"2014-07-13T12:56:16","date_gmt":"2014-07-13T12:56:16","guid":{"rendered":"http:\/\/travail.mpe.ro\/?page_id=421"},"modified":"2014-11-15T17:28:36","modified_gmt":"2014-11-15T15:28:36","slug":"egalitate-de-sanse","status":"publish","type":"page","link":"https:\/\/travail.mpe.ro\/?page_id=421","title":{"rendered":"Egalitatea de sanse"},"content":{"rendered":"<div class=\"wpb_row row\">\n\t<div class=\"col-md-12 wpb_column column_container\">\n\t\t<div class=\"wpb_wrapper\">\n\t\t\t<div class=\"latest-post\"><!--Start .Blog--><div class=\"row\"><div class=\"col-md-12 text-left\"><\/div><\/div><div class=\"row\"><div class=\"col-md-12\"><div class=\"item news-item\">\r\n\t\t\t\t\t\t\t<div class=\"inner-item\"><a href=\"https:\/\/travail.mpe.ro\/?p=793\"><\/a><div class=\"hover-item\">\r\n\t\t\t\t\t\t\t\t\t<ul>\r\n\t\t\t\t\t\t\t\t\t\t<li><a class=\"autor\" href=\"https:\/\/travail.mpe.ro\/?author=1\"><i class=\"fa fa-user\"><\/i>admin<\/a><\/li>\r\n\t\t\t\t\t\t\t\t\t\t<li><a class=\"date\"><i class=\"fa fa-clock-o\"><\/i> 17 noiembrie, 2014<\/a><\/li><li><a class=\"comment-numb\" href=\"https:\/\/travail.mpe.ro\/?p=793#respond\"><i class=\"fa fa-comments\"><\/i> No Comments<\/a><\/li><\/ul>\r\n\t\t\t\t\t\t\t\t<\/div><\/div>\r\n\t\t\t\t\t\t\t<h2><a href=\"https:\/\/travail.mpe.ro\/?p=793\">Legislatia Romaniei in domeniul egalitatii de sanse<\/a><\/h2>\r\n\t\t\t\t\t\t\t<p>Egalitatea de \u015fanse \u00eentre femei \u015fi b\u0103rba\u0163i reprezint\u0103 unul din principiile fundamentale ale Uniunii Europene, promovat \u00eenc\u0103 de la constituirea acesteia. Acest principiu este reglementat \u00een legisla\u0163ia adoptat\u0103 la nivelul UE \u015fi integrat de Statele Membre \u00een cadrul normativ na\u0163ional.[...]<\/p>\r\n\t\t\t\t\t\t\t<a class=\"read-more\" href=\"https:\/\/travail.mpe.ro\/?p=793\">mai mult <i class=\"fa fa-arrow-right\"><\/i><\/a>\r\n\t\t\t\t\t\t<\/div><\/div><\/div><!--end after counter--><div class=\"row\"><div class=\"col-md-12\"><div class=\"item news-item\">\r\n\t\t\t\t\t\t\t<div class=\"inner-item\"><a href=\"https:\/\/travail.mpe.ro\/?p=791\"><\/a><div class=\"hover-item\">\r\n\t\t\t\t\t\t\t\t\t<ul>\r\n\t\t\t\t\t\t\t\t\t\t<li><a class=\"autor\" href=\"https:\/\/travail.mpe.ro\/?author=1\"><i class=\"fa fa-user\"><\/i>admin<\/a><\/li>\r\n\t\t\t\t\t\t\t\t\t\t<li><a class=\"date\"><i class=\"fa fa-clock-o\"><\/i> 17 noiembrie, 2014<\/a><\/li><li><a class=\"comment-numb\" href=\"https:\/\/travail.mpe.ro\/?p=791#respond\"><i class=\"fa fa-comments\"><\/i> No Comments<\/a><\/li><\/ul>\r\n\t\t\t\t\t\t\t\t<\/div><\/div>\r\n\t\t\t\t\t\t\t<h2><a href=\"https:\/\/travail.mpe.ro\/?p=791\">Legislatia europeana in domeniul egalitatii de sanse<\/a><\/h2>\r\n\t\t\t\t\t\t\t<p>PLAT\u0102 EGAL\u0102 PENTRU MUNC\u0102 DE VALOARE EGAL\u0102 Directiva Consiliului 75\/117\/EEC din 10 februarie 1975 privind armonizarea legisla\u0163iilor statelor membre cu privire la aplicarea principiului pl\u0103\u0163ii egale pentru b\u0103rba\u0163i \u015fi femei http:\/\/eur-lex.europa.eu\/LexUriServ\/LexUriServ.do?uri=CELEX:31975L0117:FR:HTML &nbsp; TRATAMENT EGAL LA LOCUL DE MUNC\u0102 Directiva Consiliului[...]<\/p>\r\n\t\t\t\t\t\t\t<a class=\"read-more\" href=\"https:\/\/travail.mpe.ro\/?p=791\">mai mult <i class=\"fa fa-arrow-right\"><\/i><\/a>\r\n\t\t\t\t\t\t<\/div><\/div><\/div><!--end after counter--><div class=\"row\"><div class=\"col-md-12\"><div class=\"item news-item\">\r\n\t\t\t\t\t\t\t<div class=\"inner-item\"><a href=\"https:\/\/travail.mpe.ro\/?p=789\"><\/a><div class=\"hover-item\">\r\n\t\t\t\t\t\t\t\t\t<ul>\r\n\t\t\t\t\t\t\t\t\t\t<li><a class=\"autor\" href=\"https:\/\/travail.mpe.ro\/?author=1\"><i class=\"fa fa-user\"><\/i>admin<\/a><\/li>\r\n\t\t\t\t\t\t\t\t\t\t<li><a class=\"date\"><i class=\"fa fa-clock-o\"><\/i> 17 noiembrie, 2014<\/a><\/li><li><a class=\"comment-numb\" href=\"https:\/\/travail.mpe.ro\/?p=789#respond\"><i class=\"fa fa-comments\"><\/i> No Comments<\/a><\/li><\/ul>\r\n\t\t\t\t\t\t\t\t<\/div><\/div>\r\n\t\t\t\t\t\t\t<h2><a href=\"https:\/\/travail.mpe.ro\/?p=789\">Institutii responsabile<\/a><\/h2>\r\n\t\t\t\t\t\t\t<p>\u00cen Rom\u00e2nia exist\u0103 mai multe institu\u0163ii care se ocup\u0103 de problema egalit\u0103\u0163ii de \u015fanse \u015fi de tratament pentru femei \u015fi b\u0103rba\u0163i, dup\u0103 cum urmeaz\u0103: LA NIVEL GUVERNAMENTAL Comisia Na\u0163ional\u0103 \u00een domeniul egalit\u0103\u0163ii de \u015fanse \u00eentre femei \u015fi b\u0103rba\u0163i ( CONES)[...]<\/p>\r\n\t\t\t\t\t\t\t<a class=\"read-more\" href=\"https:\/\/travail.mpe.ro\/?p=789\">mai mult <i class=\"fa fa-arrow-right\"><\/i><\/a>\r\n\t\t\t\t\t\t<\/div><\/div><\/div><!--end after counter--><div class=\"row\"><div class=\"col-md-12\"><div class=\"item news-item\">\r\n\t\t\t\t\t\t\t<div class=\"inner-item\"><a href=\"https:\/\/travail.mpe.ro\/?p=787\"><\/a><div class=\"hover-item\">\r\n\t\t\t\t\t\t\t\t\t<ul>\r\n\t\t\t\t\t\t\t\t\t\t<li><a class=\"autor\" href=\"https:\/\/travail.mpe.ro\/?author=1\"><i class=\"fa fa-user\"><\/i>admin<\/a><\/li>\r\n\t\t\t\t\t\t\t\t\t\t<li><a class=\"date\"><i class=\"fa fa-clock-o\"><\/i> 17 noiembrie, 2014<\/a><\/li><li><a class=\"comment-numb\" href=\"https:\/\/travail.mpe.ro\/?p=787#respond\"><i class=\"fa fa-comments\"><\/i> No Comments<\/a><\/li><\/ul>\r\n\t\t\t\t\t\t\t\t<\/div><\/div>\r\n\t\t\t\t\t\t\t<h2><a href=\"https:\/\/travail.mpe.ro\/?p=787\">Egalitate de sanse<\/a><\/h2>\r\n\t\t\t\t\t\t\t<p>Din punct de vedere juridic, legisla\u0163ia\u00a0 rom\u00e2neasc\u0103 define\u015fte conceptul de \u201eegalitate de \u015fanse pentru femei \u015fi b\u0103rba\u0163i\u201d ca fiind\u00a0 \u201eluarea \u00een considerare a capacit\u0103\u0163ilor, nevoilor \u015fi aspira\u0163iilor diferite ale persoanelor de sex masculin \u015fi feminin \u015fi tratamentul egal al acestora\u201d.[...]<\/p>\r\n\t\t\t\t\t\t\t<a class=\"read-more\" href=\"https:\/\/travail.mpe.ro\/?p=787\">mai mult <i class=\"fa fa-arrow-right\"><\/i><\/a>\r\n\t\t\t\t\t\t<\/div><\/div><\/div><!--end after counter--><div class=\"row\"><div class=\"col-md-12\"><div class=\"item news-item\">\r\n\t\t\t\t\t\t\t<div class=\"inner-item\"><a href=\"https:\/\/travail.mpe.ro\/?p=782\"><\/a><div class=\"hover-item\">\r\n\t\t\t\t\t\t\t\t\t<ul>\r\n\t\t\t\t\t\t\t\t\t\t<li><a class=\"autor\" href=\"https:\/\/travail.mpe.ro\/?author=1\"><i class=\"fa fa-user\"><\/i>admin<\/a><\/li>\r\n\t\t\t\t\t\t\t\t\t\t<li><a class=\"date\"><i class=\"fa fa-clock-o\"><\/i> 15 noiembrie, 2014<\/a><\/li><li><a class=\"comment-numb\" href=\"https:\/\/travail.mpe.ro\/?p=782#respond\"><i class=\"fa fa-comments\"><\/i> No Comments<\/a><\/li><\/ul>\r\n\t\t\t\t\t\t\t\t<\/div><\/div>\r\n\t\t\t\t\t\t\t<h2><a href=\"https:\/\/travail.mpe.ro\/?p=782\">Egalitate de sanse a elevilor participanti la TRAVAIL<\/a><\/h2>\r\n\t\t\t\t\t\t\t<p>\u201eDac\u0103 omul nu a primit dec\u00e2t o educa\u0163ie defectuoas\u0103 sau rea, el devine cel mai \u00eengrozitor animal pe care l-a produs p\u0103m\u00e2ntul. De aceea legiuitorul trebuie sa fac\u0103 din educa\u0163ia copiilor prima \u015fi cea mai serioas\u0103 din preocup\u0103rile sale.\u201d Platon[...]<\/p>\r\n\t\t\t\t\t\t\t<a class=\"read-more\" href=\"https:\/\/travail.mpe.ro\/?p=782\">mai mult <i class=\"fa fa-arrow-right\"><\/i><\/a>\r\n\t\t\t\t\t\t<\/div><\/div><\/div><!--end after counter-->\n\t<\/div><!--Close Container-->\n\t\t<\/div> \n\t<\/div> \n<\/div>\n","protected":false},"excerpt":{"rendered":"\u201eDac\u0103 omul nu a primit dec\u00e2t o educa\u0163ie defectuoas\u0103 sau rea, el devine cel mai \u00eengrozitor animal pe care l-a produs p\u0103m\u00e2ntul. De aceea legiuitorul trebuie sa fac\u0103 din educa\u0163ia copiilor prima \u015fi cea mai serioas\u0103 din preocup\u0103rile sale.\u201d Platon Egalitatea intre femei si b\u0103rba\u0163i este un drept fundamental, o valoare comun\u0103 a UE \u015fi [...]","protected":false},"author":1,"featured_media":0,"parent":0,"menu_order":0,"comment_status":"open","ping_status":"open","template":"","meta":[],"_links":{"self":[{"href":"https:\/\/travail.mpe.ro\/index.php?rest_route=\/wp\/v2\/pages\/421"}],"collection":[{"href":"https:\/\/travail.mpe.ro\/index.php?rest_route=\/wp\/v2\/pages"}],"about":[{"href":"https:\/\/travail.mpe.ro\/index.php?rest_route=\/wp\/v2\/types\/page"}],"author":[{"embeddable":true,"href":"https:\/\/travail.mpe.ro\/index.php?rest_route=\/wp\/v2\/users\/1"}],"replies":[{"embeddable":true,"href":"https:\/\/travail.mpe.ro\/index.php?rest_route=%2Fwp%2Fv2%2Fcomments&post=421"}],"version-history":[{"count":11,"href":"https:\/\/travail.mpe.ro\/index.php?rest_route=\/wp\/v2\/pages\/421\/revisions"}],"predecessor-version":[{"id":784,"href":"https:\/\/travail.mpe.ro\/index.php?rest_route=\/wp\/v2\/pages\/421\/revisions\/784"}],"wp:attachment":[{"href":"https:\/\/travail.mpe.ro\/index.php?rest_route=%2Fwp%2Fv2%2Fmedia&parent=421"}],"curies":[{"name":"wp","href":"https:\/\/api.w.org\/{rel}","templated":true}]}}