{"id":419,"date":"2014-07-13T12:55:27","date_gmt":"2014-07-13T12:55:27","guid":{"rendered":"http:\/\/travail.mpe.ro\/?page_id=419"},"modified":"2015-02-22T23:38:25","modified_gmt":"2015-02-22T21:38:25","slug":"utile","status":"publish","type":"page","link":"https:\/\/travail.mpe.ro\/?page_id=419","title":{"rendered":"Utile"},"content":{"rendered":"<p><strong>Asociatia Mereu pentru Europa<\/strong><br \/>\n<a href=\"http:\/\/www.mpe.ro\/\">www.mpe.ro<\/a><\/p>\n<p><strong>Fondul Social European in Romania \u2013 Investeste in oameni<\/strong><br \/>\n<a href=\"http:\/\/www.fseromania.ro\/\">www.fonduri-ue.ro\/posdru<\/a><\/p>\n<p><strong>Ministerul Fondurilor Europene<\/strong><br \/>\n<a href=\"http:\/\/www.mmuncii.ro\/\">www.fonduri-ue.ro<\/a><\/p>\n<p><strong>Centrul de informare Europe Direct Craiova <\/strong><br \/>\n<a href=\"http:\/\/europedirect.mpe.ro\/\">europedirect.mpe.ro<\/a><\/p>\n<p><strong>Comisia Europeana<\/strong><br \/>\n<a href=\"http:\/\/ec.europa.eu\/\">ec.europa.eu<\/a><\/p>\n<p><strong>Comisia Europeana \u2013 Directoratul General pentru Politica Regionala<\/strong><br \/>\n<a href=\"http:\/\/ec.europa.eu\/regional_policy\/index_en.cfm\">ec.europa.eu\/regional_policy\/index_en.cfm<\/a><\/p>\n<p><strong>Comisia Europeana \u2013 Directoratul General pentru Afaceri economice si financiare<\/strong><br \/>\n<a href=\"http:\/\/ec.europa.eu\/comm\/economy_finance\">ec.europa.eu\/comm\/economy_finance<\/a><\/p>\n<p><strong>Consiliul Uniunii Europene<\/strong><br \/>\n<a href=\"http:\/\/www.consilium.europa.eu\/\">www.consilium.europa.eu<\/a><\/p>\n<p><strong>Parlamentul European<\/strong><br \/>\n<a href=\"http:\/\/www.europarl.europa.eu\/\">www.europarl.europa.eu<\/a><\/p>\n<p><strong>Curtea de Justitie a Uniunii Europene<\/strong><br \/>\n<a href=\"http:\/\/curia.europa.eu\/\">curia.europa.eu<\/a><\/p>\n<p><strong>Curtea de Conturi Europeana<\/strong><br \/>\n<a href=\"http:\/\/eca.europa.eu\/\">eca.europa.eu<\/a><\/p>\n<p><strong>Comitetul Economic si Social European<\/strong><br \/>\n<a href=\"http:\/\/www.eesc.europa.eu\/\">www.eesc.europa.eu<\/a><\/p>\n<p><strong>Comitetul Regiunilor<\/strong><br \/>\n<a href=\"http:\/\/cor.europa.eu\/\">cor.europa.eu<\/a><\/p>\n<p><strong>Banca Centrala Europeana<\/strong><br \/>\n<a href=\"http:\/\/www.ecb.int\/\">www.ecb.int<\/a><\/p>\n<p><strong>Banca Europeana de Investitii<\/strong><br \/>\n<a href=\"http:\/\/www.eib.org\/\">www.eib.org\/<\/a><\/p>\n<p><strong>Reprezentanta Permanenta a Romaniei pe langa Uniunea Europeana<\/strong><br \/>\n<a href=\"http:\/\/ue.mae.ro\/\">ue.mae.ro<\/a><\/p>\n<p><strong>Ministerul Finantelor Publice<\/strong><br \/>\n<a href=\"http:\/\/www.mfinante.ro\/\">www.mfinante.ro<\/a><\/p>\n<p><strong>Organismul Intermediar pentru POS DRU Regiunea Sud Vest Oltenia<\/strong><br \/>\n<a href=\"http:\/\/www.oirsvfse.ro\/\">www.oirsvfse.ro<\/a><\/p>\n<p><strong>Guvernul Romaniei<\/strong><br \/>\n<a href=\"http:\/\/www.guv.ro\/\">www.guv.ro<\/a><\/p>\n<p><strong>Pagini oficiale ale Uniunii Europene:<br \/>\n<\/strong>&#8211;<a href=\"http:\/\/europa.eu\/\">Pagina principal\u0103<\/a> &#8211; <a href=\"http:\/\/europa.eu\/\">http:\/\/europa.eu\/<\/a><\/p>\n<p>&#8211;<a href=\"http:\/\/europa.eu\/index_ro.htm\">Activit\u0103\u0163i<\/a> &#8211; \u00a0<a href=\"http:\/\/europa.eu\/index_ro.htm\">http:\/\/europa.eu\/index_ro.htm<\/a><\/p>\n<p>&#8211;<a href=\"http:\/\/ec.europa.eu\/employment_social\/employment_strategy\/national_en.htm\">Programele Na\u0163ionale de Reform\u0103<\/a> &#8211; <a href=\"http:\/\/europa.eu\/index_ro.htm\">http:\/\/europa.eu\/index_ro.htm<\/a><br \/>\n&#8211;<a href=\"http:\/\/ec.europa.eu\/index_ro.htm\">Comisia European\u0103<\/a> &#8211; <a href=\"http:\/\/ec.europa.eu\/index_ro.htm\">http:\/\/ec.europa.eu\/index_ro.htm<\/a><br \/>\n&#8211;<a href=\"http:\/\/ec.europa.eu\/dgs_ro.htm\">Comisia European\u0103, Direc\u0163ii generale \u015fi servicii <\/a>&#8211; <a href=\"http:\/\/ec.europa.eu\/about\/ds_ro.htm\">http:\/\/ec.europa.eu\/about\/ds_ro.htm<\/a><\/p>\n<p>&#8211;<a href=\"http:\/\/ec.europa.eu\/dgs\/employment_social\/index_en.htm\">Direc\u0163ia General\u0103 pentru Ocupare, Afaceri Sociale \u015fi Egalitate de \u015eanse <\/a>&#8211; <a href=\"http:\/\/ec.europa.eu\/dgs\/employment_social\/index_en.htm\">http:\/\/ec.europa.eu\/dgs\/employment_social\/index_en.htm<\/a><\/p>\n<p>&#8211;<a href=\"http:\/\/ec.europa.eu\/dgs\/regional_policy\/index_en.htm\">Direc\u0163ia General\u0103 pentru Politic\u0103 Regional\u0103 <\/a>&#8211; <a href=\"http:\/\/ec.europa.eu\/dgs\/regional_policy\/index_en.htm\">http:\/\/ec.europa.eu\/dgs\/regional_policy\/index_en.htm<\/a><br \/>\n&#8211;<a href=\"http:\/\/ec.europa.eu\/dgs\/education_culture\/index_en.html\">Direc\u0163ia General\u0103 pentru Educa\u0163ie \u015fi Cultur\u0103<\/a> &#8211; <a href=\"http:\/\/ec.europa.eu\/dgs\/education_culture\/index_en.htm\">http:\/\/ec.europa.eu\/dgs\/education_culture\/index_en.htm<\/a><\/p>\n<p>&#8211;<a href=\"http:\/\/www.infoeuropa.ro\/jsp\/page.jsp?cid=50&amp;lid=1&amp;changeLangEv=1&amp;changeLangEv=1\">Reprezentan\u0163a Comisiei Europene \u00een Rom\u00e2nia<\/a> &#8211; <a href=\"http:\/\/infoeuropa.ro\/jsp\/page.jsp?cid=50&amp;lid=1&amp;changeLangEv=1&amp;changeLangEv=1\">http:\/\/infoeuropa.ro\/jsp\/page.jsp?cid=50&amp;lid=1&amp;changeLangEv=1&amp;changeLangEv=1<\/a><\/p>\n<p><strong>\u00a0<\/strong><\/p>\n<p><strong>Servicii: <\/strong><strong><br \/>\n<\/strong>&#8211;<a href=\"http:\/\/europa.eu\/abc\/index_en.htm\">O scurt\u0103 privire asupra Europei: Informa\u0163ii pentru cet\u0103\u0163eni<\/a> &#8211; <a href=\"http:\/\/europa.eu\/about-eu\/index_en.htm\">http:\/\/europa.eu\/about-eu\/index_en.htm<\/a><br \/>\n&#8211;<a href=\"http:\/\/europa.eu\/youth\/index.cfm?l_id=ro\">Pagina de internet a tinerilor<\/a> &#8211; <a href=\"http:\/\/europa.eu\/youth\/index.cfm?l_id=ro\">http:\/\/europa.eu\/youth\/index.cfm?l_id=ro<\/a><\/p>\n<p>&#8211;<a href=\"http:\/\/ec.europa.eu\/youreurope\/nav\/en\/citizens\/index.html\">Europa ta (Cet\u0103\u0163eni)<\/a> &#8211; <a href=\"http:\/\/ec.europa.eu\/youreurope\/nav\/en\/citizens\/index.html\">http:\/\/ec.europa.eu\/youreurope\/nav\/en\/citizens\/index.html<\/a><\/p>\n<p>&#8211;<a href=\"http:\/\/ec.europa.eu\/youreurope\/nav\/en\/business\/index.html\">Europa ta (Afaceri)<\/a> &#8211; <a href=\"http:\/\/ec.europa.eu\/youreurope\/nav\/en\/business\/index.html\">http:\/\/ec.europa.eu\/youreurope\/nav\/en\/business\/index.html<\/a><\/p>\n<p>&#8211;<a href=\"http:\/\/publications.europa.eu\/index_en.html\">Editura Uniunii Europene (Biroul de publica\u0163ii oficiale al Uniunii Europene)<\/a> &#8211; <a href=\"http:\/\/publications.europa.eu\/index_en.html\">http:\/\/publications.europa.eu\/index_en.html<\/a><br \/>\n&#8211;<a href=\"http:\/\/europa.eu\/publicprocurement\/index_en.htm\">Achizi\u0163ii publice<\/a> &#8211; <a href=\"http:\/\/europa.eu\/publicprocurement\/index_en.htm\">http:\/\/europa.eu\/publicprocurement\/index_en.htm<\/a><br \/>\n&#8211;<a href=\"http:\/\/ec.europa.eu\/prelex\/apcnet.cfm?CL=ro\">PreLex \u2013 Monitorizarea procesului de luare a deciziilor \u00eentre institu\u0163ii<\/a> &#8211; <a href=\"http:\/\/eur-lex.europa.eu\/collection\/legislative-procedures.html;ELX_SESSIONID=nGMnJnSG6zt7n52X8GqJ2Gj3Q2shXMvBH6T4ZXRLVkQQSDydqRfp!672356356?locale=ro\">http:\/\/eur-lex.europa.eu\/collection\/legislative-procedures.html;ELX_SESSIONID=nGMnJnSG6zt7n52X8GqJ2Gj3Q2shXMvBH6T4ZXRLVkQQSDydqRfp!672356356?locale=ro<\/a><br \/>\n&#8211;<a href=\"http:\/\/eur-lex.europa.eu\/ro\/index.htm\">Eur-lex \u2013 Acces la legisla\u0163ia Uniunii Europene<\/a> &#8211; <a href=\"http:\/\/eur-lex.europa.eu\/homepage.html?locale=ro\">http:\/\/eur-lex.europa.eu\/homepage.html?locale=ro<\/a><\/p>\n<p>&#8211;<a href=\"http:\/\/europa.eu\/scadplus\/scad_en.htm\">Scadplus \u2013 Sintezele legisla\u0163iei europene<\/a> &#8211; <a href=\"http:\/\/europa.eu\/scadplus\/scad_en.htm\">http:\/\/europa.eu\/scadplus\/scad_en.htm<\/a><\/p>\n<p>&#8211;<a href=\"http:\/\/cordis.europa.eu\/en\/home.html\">Cordis \u2013 Serviciul de informare al Comunit\u0103\u0163ii de cercetare \u015fi dezvoltare<\/a> &#8211; <a href=\"http:\/\/cordis.europa.eu\/en\/home.html\">Cordis \u2013 Serviciul de informare al Comunit\u0103\u0163ii de cercetare \u015fi dezvoltare<\/a><\/p>\n<p>&#8211;<a href=\"http:\/\/ec.europa.eu\/comm\/dgs\/eurostat\/index_en.htm\">Eurostat<\/a> &#8211; <a href=\"http:\/\/ec.europa.eu\/comm\/dgs\/eurostat\/index_en.htm\">http:\/\/ec.europa.eu\/comm\/dgs\/eurostat\/index_en.htm<\/a><\/p>\n<p>&nbsp;<\/p>\n<p>&nbsp;<\/p>\n<p><strong>Politici: <\/strong><strong><br \/>\n<\/strong>-Site-ul oficial al Fondului Social European: &#8211; <a href=\"http:\/\/ec.europa.eu\/esf\/\">http:\/\/ec.europa.eu\/esf\/<\/a><\/p>\n<p>&#8211;<a href=\"http:\/\/ec.europa.eu\/employment_social\/index_en.html\">Ocupare, afaceri sociale \u015fi egalitate de \u015fanse<\/a>&#8211; <a href=\"http:\/\/ec.europa.eu\/social\/home.jsp?langId=en\">http:\/\/ec.europa.eu\/social\/home.jsp?langId=en<\/a><br \/>\n&#8211;<a href=\"http:\/\/ec.europa.eu\/education\/index_en.html\">Educa\u0163ie \u015fi formare<\/a> &#8211; <a href=\"http:\/\/ec.europa.eu\/education\/index_en.htm\">http:\/\/ec.europa.eu\/education\/index_en.htm<\/a><br \/>\n&#8211;<a href=\"http:\/\/europa.eu.int\/ploteus\/portal\/home.jsp\">Oportunit\u0103\u0163i de \u00eenv\u0103\u0163are<\/a> &#8211; <a href=\"http:\/\/europa.eu.int\/ploteus\/portal\/home.jsp\">http:\/\/europa.eu.int\/ploteus\/portal\/home.jsp<\/a><br \/>\n&#8211;<a href=\"http:\/\/ec.europa.eu\/regional_policy\/index_en.htm\">Politica regional\u0103<\/a> &#8211; <a href=\"http:\/\/ec.europa.eu\/regional_policy\/index_en.cfm\">http:\/\/ec.europa.eu\/regional_policy\/index_en.cfm<\/a><\/p>\n<p>&nbsp;<\/p>\n<p><strong>Alte institu\u0163ii ale Uniunii Europene: \u00a0<\/strong><strong><br \/>\n<\/strong>&#8211;<a href=\"http:\/\/www.consilium.europa.eu\/cms3_fo\/showPage.asp?lang=ro&amp;id=1&amp;mode=g&amp;name=\">Consiliul Uniunii Europene<\/a> &#8211; <a href=\"http:\/\/www.consilium.europa.eu\/\">http:\/\/www.consilium.europa.eu<\/a><\/p>\n<p>&#8211;<a href=\"http:\/\/curia.europa.eu\/en\/transitpage.htm\">Curtea de Justi\u0163ie a Comunit\u0103\u0163ilor Europene<\/a> &#8211; <a href=\"http:\/\/curia.europa.eu\/\">http:\/\/curia.europa.eu<\/a><\/p>\n<p>&#8211;<a href=\"http:\/\/eesc.europa.eu\/index_en.asp\">Comitetul Economic \u015fi Social European<\/a> &#8211; <a href=\"http:\/\/www.eesc.europa.eu\/?i=portal.en.home\">http:\/\/www.eesc.europa.eu\/?i=portal.en.home<\/a><\/p>\n<p>&#8211;<a href=\"http:\/\/www.eca.eu.int\/index_ro.htm\">Curtea European\u0103 de Conturi<\/a> &#8211; <a href=\"http:\/\/www.eesc.europa.eu\/?i=portal.en.home\">http:\/\/www.eesc.europa.eu\/?i=portal.en.home<\/a><\/p>\n<p>&#8211;<a href=\"http:\/\/www.cor.europa.eu\/en\/index.htm\">Comitetul Regiunilor<\/a> &#8211; <a href=\"http:\/\/www.cor.europa.eu\/en\/index.htm\">http:\/\/www.cor.europa.eu\/en\/index.htm<\/a><\/p>\n<p>&#8211;<a href=\"http:\/\/www.euro-ombudsman.eu.int\/home\/ro\/default.htm\">Avocatul Poporului<\/a> &#8211; <a href=\"http:\/\/www.euro-ombudsman.eu\/\">www.euro-ombudsman.eu<\/a><\/p>\n<p>&#8211;<a href=\"http:\/\/www.ecb.int\/ecb\/html\/index.en.html\">Banca Central\u0103 European\u0103<\/a> &#8211; <a href=\"http:\/\/www.ecb.europa.eu\/ecb\/html\/index.en.html\">http:\/\/www.ecb.europa.eu\/ecb\/html\/index.en.html<\/a><\/p>\n<p>&nbsp;<\/p>\n<p><strong>Pagini oficiale ale unor institu\u0163ii din Rom\u00e2nia:\u00a0 <\/strong><strong><br \/>\n<\/strong>&#8211;<a href=\"http:\/\/www.guv.ro\/\">Guvernul Rom\u00e2niei<\/a> &#8211; <a href=\"http:\/\/www.guv.ro\/\">www.guv.ro<\/a><br \/>\n&#8211;<a href=\"http:\/\/www.mmssf.ro\/\">Ministerul Muncii, Familiei \u015fi Egalit\u0103\u0163ii de \u015eanse<\/a> &#8211; <a href=\"http:\/\/www.mmuncii.ro\/j33\/index.php\/ro\/\">http:\/\/www.mmuncii.ro\/j33\/index.php\/ro\/<\/a><\/p>\n<p>&#8211;<a href=\"http:\/\/www.edu.ro\/\">Ministerul Educa\u0163iei, Cercet\u0103rii \u015fi Tineretului<\/a> &#8211; <a href=\"http:\/\/www.edu.ro\/index.php\/base\/frontpage\">http:\/\/www.edu.ro\/index.php\/base\/frontpage<\/a><\/p>\n<p>&#8211;<a href=\"http:\/\/www.mefromania.ro\/\">Ministerul Economiei \u015fi Finan\u0163elor<\/a> &#8211; <a href=\"http:\/\/www.mfinante.ro\/acasa.html?method=inceput&amp;pagina=acasa\">http:\/\/www.mfinante.ro\/acasa.html?method=inceput&amp;pagina=acasa<\/a><\/p>\n<p>&#8211;<a href=\"http:\/\/www.mt.ro\/\">Ministerul Transporturilor<\/a> &#8211; <a href=\"http:\/\/www.mt.ro\/web14\/\">http:\/\/www.mt.ro\/web14\/<\/a><\/p>\n<p>&#8211;<a href=\"http:\/\/www.mmediu.ro\/\">Ministerul Mediului si Dezvolt\u0103rii Durabile<\/a> &#8211; <a href=\"http:\/\/www.mmediu.ro\/\">http:\/\/www.mmediu.ro\/<\/a><\/p>\n<p>&#8211;<a href=\"http:\/\/www.mie.ro\/\">Ministerul Dezvolt\u0103rii, Lucr\u0103rilor Publice \u015fi Locuin\u0163elor<\/a> &#8211; <a href=\"http:\/\/www.mie.ro\/\">http:\/\/www.mie.ro\/<\/a><\/p>\n<p>&#8211;<a href=\"http:\/\/www.mai.gov.ro\/\">Ministerul Internelor \u015fi Reformei Administrative\u00a0<\/a>&#8211; <a href=\"http:\/\/www.mai.gov.ro\/\">http:\/\/www.mai.gov.ro\/<\/a><\/p>\n<p>&#8211;<a href=\"http:\/\/www.anrmap.ro\/\">Autoritatea Na\u0163ional\u0103 pentru Reglementarea \u015fi Monitorizarea Achizi\u0163iilor Publice <\/a>&#8211; <a href=\"http:\/\/www.anrmap.ro\/\">http:\/\/www.anrmap.ro\/<\/a><\/p>\n<p>&nbsp;<\/p>\n<p><strong>Pagini oficiale ale Autorit\u0103\u0163ilor de Management responsabile cu implementarea instrumentelor structurale:<\/strong><strong><br \/>\n<\/strong>Autoritatea pentru Coordonarea Instrumentelor Structurale (ACIS) &#8211; <a href=\"http:\/\/www.evaluare-structurale.ro\/contact\">http:\/\/www.evaluare-structurale.ro\/contact<\/a><br \/>\n-Ministerul Fondurilor Europene &#8211; <a href=\"http:\/\/www.fonduri-ue.ro\/\">http:\/\/www.fonduri-ue.ro\/<\/a><a href=\"http:\/\/fseromania.ro\/www.fonduri-ue.ro\"><br \/>\n<\/a>&#8211;<a href=\"ttp:\/\/modernizare.mai.gov.ro\/modules\/freecontent\/index.php?id=8\">Autoritatea de Management pentru Programul Opera\u0163ional Dezvoltarea Capacit\u0103\u0163ii Administrative<\/a> &#8211; <a href=\"http:\/\/modernizare.mai.gov.ro\/modules\/freecontent\/index.php?id=8\">http:\/\/modernizare.mai.gov.ro\/modules\/freecontent\/index.php?id=8<\/a><a href=\"http:\/\/modernizare.mai.gov.ro\/modules\/freecontent\/index.php?id=8\"><br \/>\n<\/a>&#8211;<a href=\"http:\/\/www.mfinante.ro\/\">Autoritatea de Management pentru Programul Opera\u0163ional Asisten\u0163\u0103 Tehnic\u0103 Ministerul Economiei \u015fi Finan\u0163elor<\/a> &#8211; <a href=\"http:\/\/www.mfinante.ro\/acasa.html?method=inceput&amp;pagina=acasa\">http:\/\/www.mfinante.ro\/acasa.html?method=inceput&amp;pagina=acasa<\/a><\/p>\n<p>&#8211;<a href=\"http:\/\/www.inforegio.ro\/\">Autoritatea de Management pentru Programul Opera\u0163ional Regional Ministerul Dezvolt\u0103rii, Lucr\u0103rilor Publice \u015fi Locuin\u0163elor<\/a> &#8211; <a href=\"http:\/\/www.inforegio.ro\/ro\/\">http:\/\/www.inforegio.ro\/ro\/<\/a><a href=\"http:\/\/fseromania.ro\/www.inforegio.ro\"><br \/>\n<\/a>-Autoritatea de Management pentru Programul Opera\u0163ional Sectorial Cre\u015fterea Competitivit\u0103\u0163ii Economice Ministerul Economiei \u015fi Finan\u0163elor &#8211; http:\/\/amposcce.minind.ro\/<a href=\"http:\/\/fseromania.ro\/www.mediu.ro\"><br \/>\n<\/a>&#8211;<a href=\"http:\/\/www.mt.ro\/\">Autoritatea de Management pentru Programul Opera\u0163ional Sectorial Transport. Ministerul Transporturilor<\/a> &#8211; <a href=\"http:\/\/www.mt.ro\/web14\/\">http:\/\/www.mt.ro\/web14\/<\/a><\/p>\n<p>&nbsp;<\/p>\n<p><strong>Pagini oficiale ale Organismelor Intermediare pentru POS DRU<\/strong><strong><br \/>\n<\/strong>&#8211;<a href=\"http:\/\/www.fsenordest.ro\/\">Organismul Intermediar Regional Nord-Est<\/a> &#8211; <a href=\"http:\/\/www.fsenordest.ro\/\">http:\/\/www.fsenordest.ro\/<\/a><\/p>\n<p>&#8211;<a href=\"http:\/\/www.fsesudest.ro\/\">Organismul Intermediar Regional Sud-Est<\/a> &#8211; <a href=\"http:\/\/www.fsesudest.ro\/\">http:\/\/www.fsesudest.ro\/<\/a><\/p>\n<p>&#8211;<a href=\"http:\/\/www.fsesudmuntenia.ro\/\">Organismul Intermediar Regional Sud-Muntenia<\/a> &#8211; <a href=\"http:\/\/www.fsesudmuntenia.ro\/\">http:\/\/www.fsesudmuntenia.ro\/<\/a><\/p>\n<p>&#8211;<a href=\"http:\/\/www.oirsvfse.ro\/\">Organismul Intermediar Regional Sud-Vest<\/a> &#8211; <a href=\"http:\/\/www.oirsvfse.ro\/\">http:\/\/www.oirsvfse.ro\/<\/a><\/p>\n<p>&#8211;<a href=\"http:\/\/www.runv.ro\/\">Organismul Intermediar Regional Nord-Vest<\/a> &#8211; <a href=\"http:\/\/www.runv.ro\/\">http:\/\/www.runv.ro\/<\/a><\/p>\n<p>&#8211;<a href=\"http:\/\/www.oirposdru-vest.ro\/\">Organismul Intermediar\u00a0 Regional Vest<\/a> &#8211; <a href=\"http:\/\/www.oirposdru-vest.ro\/\">http:\/\/www.oirposdru-vest.ro\/<\/a><\/p>\n<p>&#8211;<a href=\"http:\/\/www.oiposdrubi.ro\/\">Organismul Intermediar Regional Bucure\u015fti-Ilfov<\/a><a href=\"http:\/\/www.oiposdrubi.ro\/\">http:\/\/www.oiposdrubi.ro\/<\/a><\/p>\n<p>&#8211;<a href=\"http:\/\/www.posdru.edu.ro\/\">Organism Intermediar Ministerul Educa\u0163iei, Cercet\u0103rii \u015fi Tineretului<\/a> &#8211; <a href=\"http:\/\/www.posdru.edu.ro\/index.php\/articles\/c834\">http:\/\/www.posdru.edu.ro\/index.php\/articles\/c834<\/a><\/p>\n<p>&#8211;<a href=\"http:\/\/www.tvet.ro\/\">Centrul Na\u0163ional de Dezvoltare a \u00cenv\u0103\u0163\u0103m\u00e2ntului Profesional \u015fi Tehnic\u00a0<\/a>&#8211; <a href=\"http:\/\/www.tvet.ro\/\">http:\/\/www.tvet.ro\/<\/a><\/p>\n<p>&#8211;<a href=\"http:\/\/www.fse.anofm.ro\/\">Agen\u0163ia Na\u0163ional\u0103 de Ocupare a For\u0163ei de Munc\u0103<\/a> &#8211; <a href=\"http:\/\/www.fse.anofm.ro\/\">http:\/\/www.fse.anofm.ro\/<\/a><\/p>\n","protected":false},"excerpt":{"rendered":"<p>Asociatia Mereu pentru Europa www.mpe.ro Fondul Social European in Romania \u2013 Investeste in oameni www.fonduri-ue.ro\/posdru Ministerul Fondurilor Europene www.fonduri-ue.ro Centrul de informare Europe Direct Craiova europedirect.mpe.ro Comisia Europeana ec.europa.eu Comisia Europeana \u2013 Directoratul General pentru Politica Regionala ec.europa.eu\/regional_policy\/index_en.cfm Comisia Europeana \u2013 Directoratul General pentru Afaceri economice si financiare ec.europa.eu\/comm\/economy_finance Consiliul Uniunii Europene www.consilium.europa.eu Parlamentul European [&#8230;]<\/p>\n","protected":false},"author":1,"featured_media":0,"parent":0,"menu_order":0,"comment_status":"open","ping_status":"open","template":"","meta":[],"_links":{"self":[{"href":"https:\/\/travail.mpe.ro\/index.php?rest_route=\/wp\/v2\/pages\/419"}],"collection":[{"href":"https:\/\/travail.mpe.ro\/index.php?rest_route=\/wp\/v2\/pages"}],"about":[{"href":"https:\/\/travail.mpe.ro\/index.php?rest_route=\/wp\/v2\/types\/page"}],"author":[{"embeddable":true,"href":"https:\/\/travail.mpe.ro\/index.php?rest_route=\/wp\/v2\/users\/1"}],"replies":[{"embeddable":true,"href":"https:\/\/travail.mpe.ro\/index.php?rest_route=%2Fwp%2Fv2%2Fcomments&post=419"}],"version-history":[{"count":4,"href":"https:\/\/travail.mpe.ro\/index.php?rest_route=\/wp\/v2\/pages\/419\/revisions"}],"predecessor-version":[{"id":890,"href":"https:\/\/travail.mpe.ro\/index.php?rest_route=\/wp\/v2\/pages\/419\/revisions\/890"}],"wp:attachment":[{"href":"https:\/\/travail.mpe.ro\/index.php?rest_route=%2Fwp%2Fv2%2Fmedia&parent=419"}],"curies":[{"name":"wp","href":"https:\/\/api.w.org\/{rel}","templated":true}]}}