{"id":415,"date":"2014-07-13T12:53:44","date_gmt":"2014-07-13T12:53:44","guid":{"rendered":"http:\/\/travail.mpe.ro\/?page_id=415"},"modified":"2015-07-09T12:14:52","modified_gmt":"2015-07-09T09:14:52","slug":"stagii-practica","status":"publish","type":"page","link":"https:\/\/travail.mpe.ro\/?page_id=415","title":{"rendered":"Stagii practic\u0103"},"content":{"rendered":"<div class=\"wpb_row row\">\n\t<div class=\"col-md-12 wpb_column column_container\">\n\t\t<div class=\"wpb_wrapper\">\n\t\t\t<div class=\"latest-post\"><!--Start .Blog--><div class=\"row\"><div class=\"col-md-12 text-left\"><\/div><\/div><div class=\"row\"><div class=\"col-md-12\"><div class=\"item news-item\">\r\n\t\t\t\t\t\t\t<div class=\"inner-item\"><a href=\"https:\/\/travail.mpe.ro\/?p=1153\"><\/a><div class=\"hover-item\">\r\n\t\t\t\t\t\t\t\t\t<ul>\r\n\t\t\t\t\t\t\t\t\t\t<li><a class=\"autor\" href=\"https:\/\/travail.mpe.ro\/?author=1\"><i class=\"fa fa-user\"><\/i>admin<\/a><\/li>\r\n\t\t\t\t\t\t\t\t\t\t<li><a class=\"date\"><i class=\"fa fa-clock-o\"><\/i> 13 iulie, 2014<\/a><\/li><li><a class=\"comment-numb\" href=\"https:\/\/travail.mpe.ro\/?p=1153#respond\"><i class=\"fa fa-comments\"><\/i> No Comments<\/a><\/li><\/ul>\r\n\t\t\t\t\t\t\t\t<\/div><\/div>\r\n\t\t\t\t\t\t\t<h2><a href=\"https:\/\/travail.mpe.ro\/?p=1153\">Importanta stagiilor de practica pentru tranzitia de la scoala la viata activa<\/a><\/h2>\r\n\t\t\t\t\t\t\t<p>Cei mai mul\u0163i tineri, odat\u0103 ie\u0219i\u0163i de pe b\u0103ncile \u015fcolii \u00eencep s\u0103 \u00ee\u015fi construiasc\u0103 o carier\u0103. \u00centr-un fel sau altul, to\u021bi \u00ee\u0219i doresc job-uri importante, bine-pl\u0103tite, menite s\u0103 le ofere c\u00e2t mai multe beneficii \u0219i satisfac\u021bii. Fiecare dintre ace\u0219tia \u00ee\u0219i[...]<\/p>\r\n\t\t\t\t\t\t\t<a class=\"read-more\" href=\"https:\/\/travail.mpe.ro\/?p=1153\">mai mult <i class=\"fa fa-arrow-right\"><\/i><\/a>\r\n\t\t\t\t\t\t<\/div><\/div><\/div><!--end after counter--><div class=\"row\"><div class=\"col-md-12\"><div class=\"item news-item\">\r\n\t\t\t\t\t\t\t<div class=\"inner-item\"><a href=\"https:\/\/travail.mpe.ro\/?p=1145\"><\/a><div class=\"hover-item\">\r\n\t\t\t\t\t\t\t\t\t<ul>\r\n\t\t\t\t\t\t\t\t\t\t<li><a class=\"autor\" href=\"https:\/\/travail.mpe.ro\/?author=1\"><i class=\"fa fa-user\"><\/i>admin<\/a><\/li>\r\n\t\t\t\t\t\t\t\t\t\t<li><a class=\"date\"><i class=\"fa fa-clock-o\"><\/i> 13 iulie, 2015<\/a><\/li><li><a class=\"comment-numb\" href=\"https:\/\/travail.mpe.ro\/?p=1145#respond\"><i class=\"fa fa-comments\"><\/i> No Comments<\/a><\/li><\/ul>\r\n\t\t\t\t\t\t\t\t<\/div><\/div>\r\n\t\t\t\t\t\t\t<h2><a href=\"https:\/\/travail.mpe.ro\/?p=1145\">Educatie si formare profesionala\/vocationala &#8211; modelul portughez<\/a><\/h2>\r\n\t\t\t\t\t\t\t<p>Formare profesional\u0103 este reprezentat\u0103 de \u00eentregul complex ce promoveaz\u0103 achizi\u0163ionarea \u015fi dezvoltarea cuno\u015ftin\u0163elor \u015fi competen\u0163elor cu scopul de a oferi o calificare certificat\u0103. \u00cen Portugalia, formarea profesional\u0103 este \u00eenscris\u0103 \u00eentr-un sistem educativ na\u0163ional, tutelat de Ministerul Educa\u0163iei, aduc\u00e2nd \u00een prim[...]<\/p>\r\n\t\t\t\t\t\t\t<a class=\"read-more\" href=\"https:\/\/travail.mpe.ro\/?p=1145\">mai mult <i class=\"fa fa-arrow-right\"><\/i><\/a>\r\n\t\t\t\t\t\t<\/div><\/div><\/div><!--end after counter--><div class=\"row\"><div class=\"col-md-12\"><div class=\"item news-item\">\r\n\t\t\t\t\t\t\t<div class=\"inner-item\"><a href=\"https:\/\/travail.mpe.ro\/?p=1169\"><\/a><div class=\"hover-item\">\r\n\t\t\t\t\t\t\t\t\t<ul>\r\n\t\t\t\t\t\t\t\t\t\t<li><a class=\"autor\" href=\"https:\/\/travail.mpe.ro\/?author=1\"><i class=\"fa fa-user\"><\/i>admin<\/a><\/li>\r\n\t\t\t\t\t\t\t\t\t\t<li><a class=\"date\"><i class=\"fa fa-clock-o\"><\/i> 21 iulie, 2015<\/a><\/li><li><a class=\"comment-numb\" href=\"https:\/\/travail.mpe.ro\/?p=1169#respond\"><i class=\"fa fa-comments\"><\/i> No Comments<\/a><\/li><\/ul>\r\n\t\t\t\t\t\t\t\t<\/div><\/div>\r\n\t\t\t\t\t\t\t<h2><a href=\"https:\/\/travail.mpe.ro\/?p=1169\">Stagii de practica &#8211; Modelul portughez<\/a><\/h2>\r\n\t\t\t\t\t\t\t<p>\u00cen Portugalia stagiile de practic\u0103 sunt benefice at\u00e2t pentru cursan\u0163i, c\u00e2t \u015fi pentru angajatori, oferindu-le elevilor oportunitatea de a c\u00e2\u0219tiga experien\u021b\u0103 profesional\u0103 prin intermediul unui proces de munc\u0103 \u00eenainte de \u00eenceperea unei cariere profesioniste. Pe perioada practicii, stagiarul trebuie s\u0103[...]<\/p>\r\n\t\t\t\t\t\t\t<a class=\"read-more\" href=\"https:\/\/travail.mpe.ro\/?p=1169\">mai mult <i class=\"fa fa-arrow-right\"><\/i><\/a>\r\n\t\t\t\t\t\t<\/div><\/div><\/div><!--end after counter--><div class=\"row\"><div class=\"col-md-12\"><div class=\"item news-item\">\r\n\t\t\t\t\t\t\t<div class=\"inner-item\"><a href=\"https:\/\/travail.mpe.ro\/?p=1150\"><\/a><div class=\"hover-item\">\r\n\t\t\t\t\t\t\t\t\t<ul>\r\n\t\t\t\t\t\t\t\t\t\t<li><a class=\"autor\" href=\"https:\/\/travail.mpe.ro\/?author=1\"><i class=\"fa fa-user\"><\/i>admin<\/a><\/li>\r\n\t\t\t\t\t\t\t\t\t\t<li><a class=\"date\"><i class=\"fa fa-clock-o\"><\/i> 28 iulie, 2015<\/a><\/li><li><a class=\"comment-numb\" href=\"https:\/\/travail.mpe.ro\/?p=1150#respond\"><i class=\"fa fa-comments\"><\/i> No Comments<\/a><\/li><\/ul>\r\n\t\t\t\t\t\t\t\t<\/div><\/div>\r\n\t\t\t\t\t\t\t<h2><a href=\"https:\/\/travail.mpe.ro\/?p=1150\">Rolul tutorelui in cadrul stagiului de practica<\/a><\/h2>\r\n\t\t\t\t\t\t\t<p>Programele de stagiatur\u0103\u00a0 sunt o \u015fans\u0103 extraordinar\u0103 de a pune \u00een practic\u0103 toate cuno\u015ftin\u0163ele teoretice dob\u00e2ndite pe parcursul anului \u015fcolar, de a completa bagajul de cuno\u015ftin\u0163e prin intermediul acumul\u0103rii de experien\u0163\u0103 \u015fi de a uni \u015fcoala cu munca activ\u0103. Un[...]<\/p>\r\n\t\t\t\t\t\t\t<a class=\"read-more\" href=\"https:\/\/travail.mpe.ro\/?p=1150\">mai mult <i class=\"fa fa-arrow-right\"><\/i><\/a>\r\n\t\t\t\t\t\t<\/div><\/div><\/div><!--end after counter-->\n\t<\/div><!--Close Container-->\n\t\t<\/div> \n\t<\/div> \n<\/div>\n","protected":false},"excerpt":{"rendered":"Programele de stagiatur\u0103\u00a0 sunt o \u015fans\u0103 extraordinar\u0103 de a pune \u00een practic\u0103 toate cuno\u015ftin\u0163ele teoretice dob\u00e2ndite pe parcursul anului \u015fcolar, de a completa bagajul de cuno\u015ftin\u0163e prin intermediul acumul\u0103rii de experien\u0163\u0103 \u015fi de a uni \u015fcoala cu munca activ\u0103. Un program de stagiatur\u0103 bine pus la punct\u00a0 \u00eel va \u00eenzestra pe practicant cu no\u0163iuni\u00a0 \u015fi [...]","protected":false},"author":1,"featured_media":0,"parent":407,"menu_order":0,"comment_status":"open","ping_status":"open","template":"","meta":[],"_links":{"self":[{"href":"https:\/\/travail.mpe.ro\/index.php?rest_route=\/wp\/v2\/pages\/415"}],"collection":[{"href":"https:\/\/travail.mpe.ro\/index.php?rest_route=\/wp\/v2\/pages"}],"about":[{"href":"https:\/\/travail.mpe.ro\/index.php?rest_route=\/wp\/v2\/types\/page"}],"author":[{"embeddable":true,"href":"https:\/\/travail.mpe.ro\/index.php?rest_route=\/wp\/v2\/users\/1"}],"replies":[{"embeddable":true,"href":"https:\/\/travail.mpe.ro\/index.php?rest_route=%2Fwp%2Fv2%2Fcomments&post=415"}],"version-history":[{"count":10,"href":"https:\/\/travail.mpe.ro\/index.php?rest_route=\/wp\/v2\/pages\/415\/revisions"}],"predecessor-version":[{"id":1152,"href":"https:\/\/travail.mpe.ro\/index.php?rest_route=\/wp\/v2\/pages\/415\/revisions\/1152"}],"up":[{"embeddable":true,"href":"https:\/\/travail.mpe.ro\/index.php?rest_route=\/wp\/v2\/pages\/407"}],"wp:attachment":[{"href":"https:\/\/travail.mpe.ro\/index.php?rest_route=%2Fwp%2Fv2%2Fmedia&parent=415"}],"curies":[{"name":"wp","href":"https:\/\/api.w.org\/{rel}","templated":true}]}}