{"id":413,"date":"2014-07-13T12:53:02","date_gmt":"2014-07-13T12:53:02","guid":{"rendered":"http:\/\/travail.mpe.ro\/?page_id=413"},"modified":"2014-09-08T19:43:22","modified_gmt":"2014-09-08T16:43:22","slug":"activitati-suport","status":"publish","type":"page","link":"https:\/\/travail.mpe.ro\/?page_id=413","title":{"rendered":"Activit\u0103\u0163i suport"},"content":{"rendered":"<div class=\"wpb_row row\">\n\t<div class=\"col-md-12 wpb_column column_container\">\n\t\t<div class=\"wpb_wrapper\">\n\t\t\t<div class=\"latest-post\"><!--Start .Blog--><div class=\"row\"><div class=\"col-md-12 text-left\"><\/div><\/div><div class=\"row\"><div class=\"col-md-12\"><div class=\"item news-item\">\r\n\t\t\t\t\t\t\t<div class=\"inner-item\"><a href=\"https:\/\/travail.mpe.ro\/?p=673\"><img src=\"https:\/\/travail.mpe.ro\/wp-content\/uploads\/2014\/09\/4-700x420.jpg\" class=\"attachment-slideshow size-slideshow wp-post-image\" alt=\"\" decoding=\"async\" loading=\"lazy\" \/><\/a><div class=\"hover-item\">\r\n\t\t\t\t\t\t\t\t\t<ul>\r\n\t\t\t\t\t\t\t\t\t\t<li><a class=\"autor\" href=\"https:\/\/travail.mpe.ro\/?author=1\"><i class=\"fa fa-user\"><\/i>admin<\/a><\/li>\r\n\t\t\t\t\t\t\t\t\t\t<li><a class=\"date\"><i class=\"fa fa-clock-o\"><\/i> 08 septembrie, 2014<\/a><\/li><li><a class=\"comment-numb\" href=\"https:\/\/travail.mpe.ro\/?p=673#respond\"><i class=\"fa fa-comments\"><\/i> No Comments<\/a><\/li><\/ul>\r\n\t\t\t\t\t\t\t\t<\/div><\/div>\r\n\t\t\t\t\t\t\t<h2><a href=\"https:\/\/travail.mpe.ro\/?p=673\">Activitati suport pentru consiliere si orientare profesionala<\/a><\/h2>\r\n\t\t\t\t\t\t\t<p>Activit\u0103\u021bile suport pentru consiliere \u0219i orientare profesional\u0103 urm\u0103resc cre\u015fterea gradului de informare \u00een r\u00e2ndul celor 400 elevi din grupul \u0163int\u0103 \u00een ceea ce prive\u015fte diverse domenii de activitate \u00een care doresc s\u0103 dezvolte o carier\u0103. Acestea se vor axa pe[...]<\/p>\r\n\t\t\t\t\t\t\t<a class=\"read-more\" href=\"https:\/\/travail.mpe.ro\/?p=673\">mai mult <i class=\"fa fa-arrow-right\"><\/i><\/a>\r\n\t\t\t\t\t\t<\/div><\/div><\/div><!--end after counter-->\n\t<\/div><!--Close Container-->\n\t\t<\/div> \n\t<\/div> \n<\/div>\n","protected":false},"excerpt":{"rendered":"Activit\u0103\u021bile suport pentru consiliere \u0219i orientare profesional\u0103 urm\u0103resc cre\u015fterea gradului de informare \u00een r\u00e2ndul celor 400 elevi din grupul \u0163int\u0103 \u00een ceea ce prive\u015fte diverse domenii de activitate \u00een care doresc s\u0103 dezvolte o carier\u0103. Acestea se vor axa pe derularea mai multor ac\u0163iuni: ACTIVIT\u0102\u0162I DE DEZVOLTARE PERSONAL\u0102 ce se vor desf\u0103\u015fura \u00een grupe de [...]","protected":false},"author":1,"featured_media":0,"parent":407,"menu_order":0,"comment_status":"open","ping_status":"open","template":"","meta":[],"_links":{"self":[{"href":"https:\/\/travail.mpe.ro\/index.php?rest_route=\/wp\/v2\/pages\/413"}],"collection":[{"href":"https:\/\/travail.mpe.ro\/index.php?rest_route=\/wp\/v2\/pages"}],"about":[{"href":"https:\/\/travail.mpe.ro\/index.php?rest_route=\/wp\/v2\/types\/page"}],"author":[{"embeddable":true,"href":"https:\/\/travail.mpe.ro\/index.php?rest_route=\/wp\/v2\/users\/1"}],"replies":[{"embeddable":true,"href":"https:\/\/travail.mpe.ro\/index.php?rest_route=%2Fwp%2Fv2%2Fcomments&post=413"}],"version-history":[{"count":6,"href":"https:\/\/travail.mpe.ro\/index.php?rest_route=\/wp\/v2\/pages\/413\/revisions"}],"predecessor-version":[{"id":680,"href":"https:\/\/travail.mpe.ro\/index.php?rest_route=\/wp\/v2\/pages\/413\/revisions\/680"}],"up":[{"embeddable":true,"href":"https:\/\/travail.mpe.ro\/index.php?rest_route=\/wp\/v2\/pages\/407"}],"wp:attachment":[{"href":"https:\/\/travail.mpe.ro\/index.php?rest_route=%2Fwp%2Fv2%2Fmedia&parent=413"}],"curies":[{"name":"wp","href":"https:\/\/api.w.org\/{rel}","templated":true}]}}