{"id":409,"date":"2014-07-13T12:51:33","date_gmt":"2014-07-13T12:51:33","guid":{"rendered":"http:\/\/travail.mpe.ro\/?page_id=409"},"modified":"2014-09-24T14:14:54","modified_gmt":"2014-09-24T11:14:54","slug":"caravane","status":"publish","type":"page","link":"https:\/\/travail.mpe.ro\/?page_id=409","title":{"rendered":"Caravane"},"content":{"rendered":"<div class=\"wpb_row row\">\n\t<div class=\"col-md-12 wpb_column column_container\">\n\t\t<div class=\"wpb_wrapper\">\n\t\t\t<div class=\"latest-post\"><!--Start .Blog--><div class=\"row\"><div class=\"col-md-12 text-left\"><\/div><\/div><div class=\"row\"><div class=\"col-md-12\"><div class=\"item news-item\">\r\n\t\t\t\t\t\t\t<div class=\"inner-item\"><a href=\"https:\/\/travail.mpe.ro\/?p=701\"><img src=\"https:\/\/travail.mpe.ro\/wp-content\/uploads\/2014\/07\/travail_caravana1_12-700x420.jpg\" class=\"attachment-slideshow size-slideshow wp-post-image\" alt=\"\" decoding=\"async\" loading=\"lazy\" \/><\/a><div class=\"hover-item\">\r\n\t\t\t\t\t\t\t\t\t<ul>\r\n\t\t\t\t\t\t\t\t\t\t<li><a class=\"autor\" href=\"https:\/\/travail.mpe.ro\/?author=1\"><i class=\"fa fa-user\"><\/i>admin<\/a><\/li>\r\n\t\t\t\t\t\t\t\t\t\t<li><a class=\"date\"><i class=\"fa fa-clock-o\"><\/i> 24 septembrie, 2014<\/a><\/li><li><a class=\"comment-numb\" href=\"https:\/\/travail.mpe.ro\/?p=701#respond\"><i class=\"fa fa-comments\"><\/i> No Comments<\/a><\/li><\/ul>\r\n\t\t\t\t\t\t\t\t<\/div><\/div>\r\n\t\t\t\t\t\t\t<h2><a href=\"https:\/\/travail.mpe.ro\/?p=701\">Caravanele de informare si constientizare<\/a><\/h2>\r\n\t\t\t\t\t\t\t<p>Caravanele de informare \u015fi con\u015ftientizare TRAVAIL\u2013 O \u015fans\u0103 pentru viitorul t\u0103u! reprezint\u0103 o activitate important\u0103 a proiectului \u201eTRAVAIL \u2013 Tranzi\u0163ia la via\u021ba activ\u0103 \u00een vederea integr\u0103rii pe pia\u021ba muncii pentru elevii din jude\u021bul Dolj\u201d. Dup\u0103 cum arat\u0103 titlul, caravanele \u00ee\u015fi[...]<\/p>\r\n\t\t\t\t\t\t\t<a class=\"read-more\" href=\"https:\/\/travail.mpe.ro\/?p=701\">mai mult <i class=\"fa fa-arrow-right\"><\/i><\/a>\r\n\t\t\t\t\t\t<\/div><\/div><\/div><!--end after counter-->\n\t<\/div><!--Close Container-->\n\t\t<\/div> \n\t<\/div> \n<\/div>\n","protected":false},"excerpt":{"rendered":"Caravanele de informare \u015fi con\u015ftientizare TRAVAIL\u2013 O \u015fans\u0103 pentru viitorul t\u0103u! reprezint\u0103 o activitate important\u0103 a proiectului \u201eTRAVAIL \u2013 Tranzi\u0163ia la via\u021ba activ\u0103 \u00een vederea integr\u0103rii pe pia\u021ba muncii pentru elevii din jude\u021bul Dolj\u201d. Dup\u0103 cum arat\u0103 titlul, caravanele \u00ee\u015fi propun informarea elevilor cu privire la posibilit\u0103\u0163ile \u015fi oportunit\u0103\u0163ile oferite \u00a0de proiect, r\u0103spunz\u00e2nd \u00eentreb\u0103rilor cu [...]","protected":false},"author":1,"featured_media":0,"parent":407,"menu_order":0,"comment_status":"open","ping_status":"open","template":"","meta":[],"_links":{"self":[{"href":"https:\/\/travail.mpe.ro\/index.php?rest_route=\/wp\/v2\/pages\/409"}],"collection":[{"href":"https:\/\/travail.mpe.ro\/index.php?rest_route=\/wp\/v2\/pages"}],"about":[{"href":"https:\/\/travail.mpe.ro\/index.php?rest_route=\/wp\/v2\/types\/page"}],"author":[{"embeddable":true,"href":"https:\/\/travail.mpe.ro\/index.php?rest_route=\/wp\/v2\/users\/1"}],"replies":[{"embeddable":true,"href":"https:\/\/travail.mpe.ro\/index.php?rest_route=%2Fwp%2Fv2%2Fcomments&post=409"}],"version-history":[{"count":3,"href":"https:\/\/travail.mpe.ro\/index.php?rest_route=\/wp\/v2\/pages\/409\/revisions"}],"predecessor-version":[{"id":703,"href":"https:\/\/travail.mpe.ro\/index.php?rest_route=\/wp\/v2\/pages\/409\/revisions\/703"}],"up":[{"embeddable":true,"href":"https:\/\/travail.mpe.ro\/index.php?rest_route=\/wp\/v2\/pages\/407"}],"wp:attachment":[{"href":"https:\/\/travail.mpe.ro\/index.php?rest_route=%2Fwp%2Fv2%2Fmedia&parent=409"}],"curies":[{"name":"wp","href":"https:\/\/api.w.org\/{rel}","templated":true}]}}