{"id":407,"date":"2014-07-13T12:50:08","date_gmt":"2014-07-13T12:50:08","guid":{"rendered":"http:\/\/travail.mpe.ro\/?page_id=407"},"modified":"2014-08-01T00:20:25","modified_gmt":"2014-07-31T21:20:25","slug":"activitati","status":"publish","type":"page","link":"https:\/\/travail.mpe.ro\/?page_id=407","title":{"rendered":"Activit\u0103\u0163i"},"content":{"rendered":"<div class=\"wpb_row row\">\n\t<div class=\"col-md-12 wpb_column column_container\">\n\t\t<div class=\"wpb_wrapper\">\n\t\t\t\n\t<div class=\"wpb_text_column wpb_content_element \">\n\t\t<div class=\"wpb_wrapper\">\n\t\t\t<h3><a href=\"http:\/\/travail.mpe.ro\/?page_id=409\">CARAVANE<\/a><\/h3>\n<h3><a href=\"http:\/\/travail.mpe.ro\/?page_id=411\">CONSILIERE \u015eI ORIENTARE<\/a><\/h3>\n<h3><a href=\"http:\/\/travail.mpe.ro\/?page_id=413\">ACTIVIT\u0102\u0162I SUPORT<\/a><\/h3>\n<h3><a href=\"http:\/\/travail.mpe.ro\/?page_id=415\">STAGII PRACTIC\u0102<\/a><\/h3>\n\n\t\t<\/div> \n\t<\/div> \n\t\t<\/div> \n\t<\/div> \n<\/div>\n","protected":false},"excerpt":{"rendered":"CARAVANE CONSILIERE \u015eI ORIENTARE ACTIVIT\u0102\u0162I SUPORT STAGII PRACTIC\u0102","protected":false},"author":1,"featured_media":0,"parent":0,"menu_order":0,"comment_status":"open","ping_status":"open","template":"","meta":[],"_links":{"self":[{"href":"https:\/\/travail.mpe.ro\/index.php?rest_route=\/wp\/v2\/pages\/407"}],"collection":[{"href":"https:\/\/travail.mpe.ro\/index.php?rest_route=\/wp\/v2\/pages"}],"about":[{"href":"https:\/\/travail.mpe.ro\/index.php?rest_route=\/wp\/v2\/types\/page"}],"author":[{"embeddable":true,"href":"https:\/\/travail.mpe.ro\/index.php?rest_route=\/wp\/v2\/users\/1"}],"replies":[{"embeddable":true,"href":"https:\/\/travail.mpe.ro\/index.php?rest_route=%2Fwp%2Fv2%2Fcomments&post=407"}],"version-history":[{"count":5,"href":"https:\/\/travail.mpe.ro\/index.php?rest_route=\/wp\/v2\/pages\/407\/revisions"}],"predecessor-version":[{"id":537,"href":"https:\/\/travail.mpe.ro\/index.php?rest_route=\/wp\/v2\/pages\/407\/revisions\/537"}],"wp:attachment":[{"href":"https:\/\/travail.mpe.ro\/index.php?rest_route=%2Fwp%2Fv2%2Fmedia&parent=407"}],"curies":[{"name":"wp","href":"https:\/\/api.w.org\/{rel}","templated":true}]}}