{"id":20,"date":"2014-01-30T12:13:37","date_gmt":"2014-01-30T12:13:37","guid":{"rendered":"http:\/\/localhost\/vertikal\/?page_id=20"},"modified":"2015-07-28T09:26:43","modified_gmt":"2015-07-28T06:26:43","slug":"home","status":"publish","type":"page","link":"https:\/\/travail.mpe.ro\/","title":{"rendered":"Home"},"content":{"rendered":"<div class=\"wpb_row row\">\n\t<div class=\"col-md-12 wpb_column column_container\">\n\t\t<div class=\"wpb_wrapper\">\n\t\t\t<div class=\"wpb_row row\">\n\t<div class=\"col-md-4 wpb_column column_container\">\n\t\t<div class=\"wpb_wrapper\">\n\t\t\t<div class=\"services-post \">\n\t<a class=\"services-icon1\" href=\"#\" target=\"_self\"><i class=\"fa fa-gears\"><\/i><\/a>\n\t<div class=\"services-post-content\">\n\t\t<h4>Dezvoltare aptitudini<\/h4>\n\t\t<p>Dezvoltarea aptitudinilor de munc\u0103 ale elevilor din \u00eenv\u0103\u021b\u0103m\u00e2ntul secundar din jude\u021bul Dolj<\/p>\n\t<\/div><\/div>\n\t\t<\/div> \n\t<\/div> \n\n\t<div class=\"col-md-4 wpb_column column_container\">\n\t\t<div class=\"wpb_wrapper\">\n\t\t\t<div class=\"services-post \">\n\t<a class=\"services-icon1\" href=\"#\" target=\"_self\"><i class=\"fa fa-info-circle\"><\/i><\/a>\n\t<div class=\"services-post-content\">\n\t\t<h4>Informare<\/h4>\n\t\t<p>Cre\u015fterea gradului de informare in r\u00e2ndul elevilor din grupul \u0163int\u0103<\/p>\n\t<\/div><\/div>\n\t\t<\/div> \n\t<\/div> \n\n\t<div class=\"col-md-4 wpb_column column_container\">\n\t\t<div class=\"wpb_wrapper\">\n\t\t\t<div class=\"services-post \">\n\t<a class=\"services-icon1\" href=\"#\" target=\"_self\"><i class=\"fa fa-bars\"><\/i><\/a>\n\t<div class=\"services-post-content\">\n\t\t<h4>Stagii de preg\u0103tire<\/h4>\n\t\t<p>Preg\u0103tire practic\u0103 \u00een cadrul unor parteneriate cu agen\u021bi economici din Rom\u00e2nia \u0219i din Portugalia<\/p>\n\t<\/div><\/div>\n\t\t<\/div> \n\t<\/div> \n<\/div><hr>\n\t\t<\/div> \n\t<\/div> \n<\/div><div class=\"wpb_row row\">\n\t<div class=\"col-md-12 wpb_column column_container\">\n\t\t<div class=\"wpb_wrapper\">\n\t\t\t\n\t<div class=\"wpb_raw_code wpb_content_element wpb_raw_html\">\n\t\t<div class=\"wpb_wrapper\">\n\t\t\t<h3><a href=\"http:\/\/travail.mpe.ro\/wp-content\/uploads\/2015\/07\/rezultate-eligibilitate-tabere-2.pdf\">Rezultate evaluare eligibilitate candidaturi (a doua tabara de dezvoltare personala si profesionala)<\/a><\/h3>\n<h3><a href=\"http:\/\/travail.mpe.ro\/wp-content\/uploads\/2015\/07\/rezultate_interviuri_2_site.pdf\">Rezultate interviuri selectie participanti (a doua tabara de dezvoltare personala si profesionala)<\/a><\/h3>\n\t\t<\/div> \n\t<\/div> <hr>\n\t\t<\/div> \n\t<\/div> \n<\/div><div class=\"wpb_row row\">\n\t<div class=\"col-md-12 wpb_column column_container\">\n\t\t<div class=\"wpb_wrapper\">\n\t\t\t\n\t<div class=\"wpb_raw_code wpb_content_element wpb_raw_html\">\n\t\t<div class=\"wpb_wrapper\">\n\t\t\t<h3>Apel privind selectia participantilor la cea de a doua tab\u0103r\u0103 de dezvoltare personala si profesioanala<\/h3>\n<p> \nIn cadrul proiectului activit\u0103\u021bilor suport pentru consiliere \u0219i orientare profesional\u0103 din cadrul proiectului TRAVAIL \u2013 Tranzi\u021bia la via\u021ba activ\u0103 \u00een vederea integr\u0103rii pe pia\u021ba muncii pentru elevii din jude\u021bul Dolj, contract nr.: POS DRU\/161\/2.1\/G\/136067, vor fi organizate dou\u0103 tabere de dezvoltare personal\u0103 \u015fi profesional\u0103, dup\u0103 cum urmeaz\u0103:\n<ol>\n<li>Prima tab\u0103r\u0103: aprilie 2015 (\u00een vacan\u0163a de primavar\u0103) \u2013 20 participan\u0163i;<\/li>\n<li>A dou\u0103 tab\u0103r\u0103: august 2015 (\u00een vacan\u0163a de var\u0103) \u2013 20 participan\u0163i.<\/li>\n<\/ol>\n<\/p>\n<p>\nMateriale utile:\n<ul>\n<li><strong>Apelul de propuneri (<a href=\"http:\/\/travail.mpe.ro\/wp-content\/uploads\/2015\/05\/apel_tabere_2.pdf\" target=\"_blank\">descarcati aici<\/a>)<\/strong><\/li>\n<li><strong>Criterii de selectie (<a href=\"http:\/\/travail.mpe.ro\/wp-content\/uploads\/2015\/05\/criterii_tabere_2.pdf\" target=\"_blank\">descarcati aici<\/a>)<\/strong><\/li>\n<li><strong>Formular inscriere(<a href=\"http:\/\/travail.mpe.ro\/wp-content\/uploads\/2015\/05\/formular_tabara_2.doc\" target=\"_blank\">descarcati aici<\/a>)<\/strong><\/li>\n<\/ul>\n<\/p>\n\n\n\t\t<\/div> \n\t<\/div> <hr>\n\t\t<\/div> \n\t<\/div> \n<\/div><div class=\"wpb_row row\">\n\t<div class=\"col-md-12 wpb_column column_container\">\n\t\t<div class=\"wpb_wrapper\">\n\t\t\t\n\t<div class=\"wpb_raw_code wpb_content_element wpb_raw_html\">\n\t\t<div class=\"wpb_wrapper\">\n\t\t\t<h3>Apel privind selectia participantilor la taberele de dezvoltare personala si profesioanala <\/h3>\n<h3>Prelungire trimitere candidaturi: 18.03.2015, ora 22.00<\/h3>\n<p> \nIn cadrul proiectului activit\u0103\u021bilor suport pentru consiliere \u0219i orientare profesional\u0103 din cadrul proiectului TRAVAIL \u2013 Tranzi\u021bia la via\u021ba activ\u0103 \u00een vederea integr\u0103rii pe pia\u021ba muncii pentru elevii din jude\u021bul Dolj, contract nr.: POS DRU\/161\/2.1\/G\/136067, vor fi organizate dou\u0103 tabere de dezvoltare personal\u0103 \u015fi profesional\u0103, dup\u0103 cum urmeaz\u0103:\n<ol>\n<li>Prima tab\u0103r\u0103: aprilie 2015 (\u00een vacan\u0163a de primavar\u0103) \u2013 20 participan\u0163i;<\/li>\n<li>A dou\u0103 tab\u0103r\u0103: august 2015 (\u00een vacan\u0163a de var\u0103) \u2013 20 participan\u0163i.<\/li>\n<\/ol>\n<\/p>\n<p>\nMateriale utile:\n<ul>\n<li><strong>Apelul de propuneri (<a href=\"http:\/\/travail.mpe.ro\/downloads\/Formular_de_candidatura.doc\">descarcati aici<\/a>)<\/strong><\/li>\n<li><strong>Criterii de selectie (<a href=\"http:\/\/travail.mpe.ro\/downloads\/Criterii_selectie.docx\">descarcati aici<\/a>)<\/strong><\/li>\n<\/ul>\n<\/p>\n\n<p>\n<a class=\"read-more\" href=\"http:\/\/travail.mpe.ro\/?page_id=911\">mai mult <i class=\"fa fa-arrow-right\"><\/i><\/a>\n<\/p>\n\t\t<\/div> \n\t<\/div> <hr>\n\t\t<\/div> \n\t<\/div> \n<\/div><div class=\"wpb_row row\">\n\t<div class=\"col-md-12 wpb_column column_container\">\n\t\t<div class=\"wpb_wrapper\">\n\t\t\t<div class=\"latest-post\"><!--Start .Blog--><div class=\"row\"><div class=\"col-md-4\"><div class=\"item news-item\">\r\n\t\t\t\t\t\t\t<div class=\"inner-item\"><a href=\"https:\/\/travail.mpe.ro\/?p=1296\"><img src=\"https:\/\/travail.mpe.ro\/wp-content\/uploads\/2015\/11\/DSC_0409-700x420.jpg\" class=\"attachment-slideshow size-slideshow wp-post-image\" alt=\"\" decoding=\"async\" loading=\"lazy\" \/><\/a><div class=\"hover-item\">\r\n\t\t\t\t\t\t\t\t\t<ul>\r\n\t\t\t\t\t\t\t\t\t\t<li><a class=\"autor\" href=\"https:\/\/travail.mpe.ro\/?author=1\"><i class=\"fa fa-user\"><\/i>admin<\/a><\/li>\r\n\t\t\t\t\t\t\t\t\t\t<li><a class=\"date\"><i class=\"fa fa-clock-o\"><\/i> 04 noiembrie, 2015<\/a><\/li><li><a class=\"comment-numb\" href=\"https:\/\/travail.mpe.ro\/?p=1296#respond\"><i class=\"fa fa-comments\"><\/i> No Comments<\/a><\/li><\/ul>\r\n\t\t\t\t\t\t\t\t<\/div><\/div>\r\n\t\t\t\t\t\t\t<h2><a href=\"https:\/\/travail.mpe.ro\/?p=1296\">Comunicat de presa<\/a><\/h2>\r\n\t\t\t\t\t\t\t<p>400 de elevi care au beneficiat \u00een mod gratuit de consiliere \u00een carier\u0103 \u015fi activit\u0103\u0163i suport pentru orientare \u00een carier\u0103, 100 de elevi care au c\u00e2\u015ftigat noi deprinderi la stagiile de preg\u0103tire practic\u0103 din Rom\u00e2nia \u015fi Portugalia, 40 de elevi[...]<\/p>\r\n\t\t\t\t\t\t\t<a class=\"read-more\" href=\"https:\/\/travail.mpe.ro\/?p=1296\">mai mult <i class=\"fa fa-arrow-right\"><\/i><\/a>\r\n\t\t\t\t\t\t<\/div><\/div><div class=\"col-md-4\"><div class=\"item news-item\">\r\n\t\t\t\t\t\t\t<div class=\"inner-item\"><a href=\"https:\/\/travail.mpe.ro\/?p=1291\"><\/a><div class=\"hover-item\">\r\n\t\t\t\t\t\t\t\t\t<ul>\r\n\t\t\t\t\t\t\t\t\t\t<li><a class=\"autor\" href=\"https:\/\/travail.mpe.ro\/?author=1\"><i class=\"fa fa-user\"><\/i>admin<\/a><\/li>\r\n\t\t\t\t\t\t\t\t\t\t<li><a class=\"date\"><i class=\"fa fa-clock-o\"><\/i> 28 octombrie, 2015<\/a><\/li><li><a class=\"comment-numb\" href=\"https:\/\/travail.mpe.ro\/?p=1291#respond\"><i class=\"fa fa-comments\"><\/i> No Comments<\/a><\/li><\/ul>\r\n\t\t\t\t\t\t\t\t<\/div><\/div>\r\n\t\t\t\t\t\t\t<h2><a href=\"https:\/\/travail.mpe.ro\/?p=1291\">Seminarii TRAVAIL<\/a><\/h2>\r\n\t\t\t\t\t\t\t<p>\u00cencepe seria Seminariilor jude\u0163ene de diseminare\u00a0 a Studiului de cercetare realizat \u00een cadrul proiectului \u201eTRAVAIL \u2013 Tranzi\u021bia la via\u021ba activ\u0103 \u00een vederea integr\u0103rii pe pia\u021ba muncii pentru elevii din jude\u021bul Dolj\u201d. Acestea se vor desf\u0103\u015fura dup\u0103 urm\u0103torul program: \u00a0&#8211;\u00a0\u00a0\u00a0\u00a0\u00a0\u00a0 2[...]<\/p>\r\n\t\t\t\t\t\t\t<a class=\"read-more\" href=\"https:\/\/travail.mpe.ro\/?p=1291\">mai mult <i class=\"fa fa-arrow-right\"><\/i><\/a>\r\n\t\t\t\t\t\t<\/div><\/div><div class=\"col-md-4\"><div class=\"item news-item\">\r\n\t\t\t\t\t\t\t<div class=\"inner-item\"><a href=\"https:\/\/travail.mpe.ro\/?p=1280\"><\/a><div class=\"hover-item\">\r\n\t\t\t\t\t\t\t\t\t<ul>\r\n\t\t\t\t\t\t\t\t\t\t<li><a class=\"autor\" href=\"https:\/\/travail.mpe.ro\/?author=1\"><i class=\"fa fa-user\"><\/i>admin<\/a><\/li>\r\n\t\t\t\t\t\t\t\t\t\t<li><a class=\"date\"><i class=\"fa fa-clock-o\"><\/i> 21 octombrie, 2015<\/a><\/li><li><a class=\"comment-numb\" href=\"https:\/\/travail.mpe.ro\/?p=1280#respond\"><i class=\"fa fa-comments\"><\/i> No Comments<\/a><\/li><\/ul>\r\n\t\t\t\t\t\t\t\t<\/div><\/div>\r\n\t\t\t\t\t\t\t<h2><a href=\"https:\/\/travail.mpe.ro\/?p=1280\">VIITORUL \u00ceNTRE DORIN\u0162\u0102 \u015eI PUTIN\u0162\u0102: majoritatea elevilor de liceu vor profesii b\u0103noase<\/a><\/h2>\r\n\t\t\t\t\t\t\t<p>Studiul de cercetare realizat de Asocia\u0163ia \u201eMereu pentru Europa\u201d \u00een cadrul proiectului \u201eTRAVAIL &#8211; Tranzi\u021bia la via\u021ba activ\u0103 \u00een vederea integr\u0103rii pe pia\u021ba muncii pentru elevii din jude\u021bul Dolj\u201d arat\u0103 c\u0103 a\u015ftept\u0103rile elevilor \u00een viitoarea profesie sunt legate de bani[...]<\/p>\r\n\t\t\t\t\t\t\t<a class=\"read-more\" href=\"https:\/\/travail.mpe.ro\/?p=1280\">mai mult <i class=\"fa fa-arrow-right\"><\/i><\/a>\r\n\t\t\t\t\t\t<\/div><\/div><\/div><!--end after counter-->\n\t<\/div><!--Close Container--><hr>\n\t\t<\/div> \n\t<\/div> \n<\/div><div class=\"wpb_row row\">\n\t<div class=\"col-md-12 wpb_column column_container\">\n\t\t<div class=\"wpb_wrapper\">\n\t\t\t\n\t<div class=\"wpb_text_column wpb_content_element \">\n\t\t<div class=\"wpb_wrapper\">\n\t\t\t<h3>Parteneri<\/h3>\n\n\t\t<\/div> \n\t<\/div> \n\t<div class=\"tabs iconned-tabs\"><div class=\"tab-box\">\n\t\t\t\n\t\t\t<div id=\"tab-1391091012-1-55\" class=\"tab-content wpb_tab ui-tabs-panel wpb_ui-tabs-hide clearfix\">\n\t\t\t\t<div class=\"wpb_row row\">\n\t<div class=\"col-md-5 wpb_column column_container\">\n\t\t<div class=\"wpb_wrapper\">\n\t\t\t\n\t<div class=\"wpb_single_image wpb_content_element vc_align_left\">\n\t\t<div class=\"wpb_wrapper\">\n\t\t\t\n\t\t\t<img width=\"456\" height=\"405\" src=\"https:\/\/travail.mpe.ro\/wp-content\/uploads\/2014\/01\/isj1.png\" class=\"attachment-full size-full\" alt=\"\" decoding=\"async\" loading=\"lazy\" srcset=\"https:\/\/travail.mpe.ro\/wp-content\/uploads\/2014\/01\/isj1.png 456w, https:\/\/travail.mpe.ro\/wp-content\/uploads\/2014\/01\/isj1-450x399.png 450w, https:\/\/travail.mpe.ro\/wp-content\/uploads\/2014\/01\/isj1-250x222.png 250w\" sizes=\"(max-width: 456px) 100vw, 456px\" \/>\n\t\t<\/div> \n\t<\/div> \n\t\t<\/div> \n\t<\/div> \n\n\t<div class=\"col-md-7 wpb_column column_container\">\n\t\t<div class=\"wpb_wrapper\">\n\t\t\t\n\t<div class=\"wpb_text_column wpb_content_element \">\n\t\t<div class=\"wpb_wrapper\">\n\t\t\t<h3>Inspectoratul \u015ecolar Jude\u0163ean Dolj<\/h3>\n<p>ISJ Dolj de\u0163ine o vast\u0103 experien\u021b\u0103 \u00een domeniul implement\u0103rii de proiecte, printre realiz\u0103rile sale \u00eenscriindu-se: proiectul POSDRU\/90\/2.1\/S\/62119 \u201cCONSEL\u2013Consilierea elevilor. Pentru o tranzi\u0163ie facil\u0103 de la \u015fcoal\u0103 la via\u0163a activ\u0103\u201d, proiectul POSDRU\/109\/2.1\/G\/81762 \u201eCompeten\u0163e socio-umane pentru pia\u0163a muncii din Sud &#8211; Vest Oltenia\u201d, proiectul POSDRU\/87\/1.3\/S\/61602 \u201eCariera de succes \u00een \u00eenv\u0103\u0163\u0103m\u00e2ntul preuniversitar prin implementarea de programe de formare inovative!\u201d, proiectul POSDRU\/8\/2.2\/S\/4\/ID3024 \u201eEducatie, calificare \u015fi facilitarea tranzi\u0163iei spre un loc de munc\u0103 pentru elevi \u015fi tineri cu risc sau \u00een situa\u0163ie de abandon \u015fcolar\u201d, proiectul POSDRU\/19\/1.3\/G\/7263 \u201cEUROCOMP &#8211; Centru de preg\u0103tire complementar\u0103 a cadrelor didactice preuniversitare pentru adaptarea activit\u0103\u0163ii didactice la noile cerin\u0163e europene ale educa\u0163iei\u201d&#8230;<\/p>\n<p><a class=\"read-more\" href=\"http:\/\/travail.mpe.ro\/?page_id=629\">detalii <i class=\"fa fa-arrow-right\"><\/i><\/a><\/p>\n\n\t\t<\/div> \n\t<\/div> \n\t\t<\/div> \n\t<\/div> \n<\/div>\n\t\t\t<\/div> \n\t\t\t<div id=\"tab-1391091012-2-28\" class=\"tab-content wpb_tab ui-tabs-panel wpb_ui-tabs-hide clearfix\">\n\t\t\t\t<div class=\"wpb_row row\">\n\t<div class=\"col-md-5 wpb_column column_container\">\n\t\t<div class=\"wpb_wrapper\">\n\t\t\t\n\t<div class=\"wpb_single_image wpb_content_element vc_align_left\">\n\t\t<div class=\"wpb_wrapper\">\n\t\t\t\n\t\t\t<img width=\"299\" height=\"187\" src=\"https:\/\/travail.mpe.ro\/wp-content\/uploads\/2014\/01\/edufor2.png\" class=\"attachment-full size-full\" alt=\"\" decoding=\"async\" loading=\"lazy\" srcset=\"https:\/\/travail.mpe.ro\/wp-content\/uploads\/2014\/01\/edufor2.png 299w, https:\/\/travail.mpe.ro\/wp-content\/uploads\/2014\/01\/edufor2-250x156.png 250w\" sizes=\"(max-width: 299px) 100vw, 299px\" \/>\n\t\t<\/div> \n\t<\/div> \n\t\t<\/div> \n\t<\/div> \n\n\t<div class=\"col-md-7 wpb_column column_container\">\n\t\t<div class=\"wpb_wrapper\">\n\t\t\t\n\t<div class=\"wpb_text_column wpb_content_element \">\n\t\t<div class=\"wpb_wrapper\">\n\t\t\t<h3>Asocia\u0163ia EduFor Craiova<\/h3>\n<p>Asocia\u0163ia EduFor Craiova este o organiza\u0163ie nonguvernamentala \u00eenfiin\u0163at\u0103 \u00een decembrie 2012 care are ca scop promovarea \u015fi sus\u0163inerea educa\u0163iei, form\u0103rii \u015fi \u00eenv\u0103\u0163\u0103rii pe tot parcursul vie\u0163ii a cet\u0103\u0163enilor rom\u00e2ni \u00een vederea cre\u015fterii ratei de participare pe pia\u0163a european\u0103 a muncii.<\/p>\n<p>Organiza\u0163ia este partener \u00een proiectul \u201eEducation and Career Guidance \u2013 Let\u2019s help students to choose a right career\u201d nr. de ref 13-PR-04-DJ-RO,TR finan\u0163at de Comisia Europeana prin programul LLP\u2013Programul Comenius, proiect ce se va implementa \u00een august 2013-iulie 2015 \u00een Dolj \u015fi Mersin\u2013Tucia.<\/p>\n<p><a class=\"read-more\" href=\"http:\/\/travail.mpe.ro\/?page_id=629\">detalii <i class=\"fa fa-arrow-right\"><\/i><\/a><\/p>\n\n\t\t<\/div> \n\t<\/div> \n\t\t<\/div> \n\t<\/div> \n<\/div>\n\t\t\t<\/div> \n\t\t\t<div id=\"tab-1391091012-3-65\" class=\"tab-content wpb_tab ui-tabs-panel wpb_ui-tabs-hide clearfix\">\n\t\t\t\t<div class=\"wpb_row row\">\n\t<div class=\"col-md-5 wpb_column column_container\">\n\t\t<div class=\"wpb_wrapper\">\n\t\t\t\n\t<div class=\"wpb_single_image wpb_content_element vc_align_left\">\n\t\t<div class=\"wpb_wrapper\">\n\t\t\t\n\t\t\t<img width=\"299\" height=\"187\" src=\"https:\/\/travail.mpe.ro\/wp-content\/uploads\/2014\/01\/audax.png\" class=\"attachment-full size-full\" alt=\"\" decoding=\"async\" loading=\"lazy\" srcset=\"https:\/\/travail.mpe.ro\/wp-content\/uploads\/2014\/01\/audax.png 299w, https:\/\/travail.mpe.ro\/wp-content\/uploads\/2014\/01\/audax-250x156.png 250w\" sizes=\"(max-width: 299px) 100vw, 299px\" \/>\n\t\t<\/div> \n\t<\/div> \n\t\t<\/div> \n\t<\/div> \n\n\t<div class=\"col-md-7 wpb_column column_container\">\n\t\t<div class=\"wpb_wrapper\">\n\t\t\t\n\t<div class=\"wpb_text_column wpb_content_element \">\n\t\t<div class=\"wpb_wrapper\">\n\t\t\t<h3>UNIAUDAX \u2013 Centro de Investiga\u00e7\u00e3o e Apoio ao Empreendedorismo e Empresas Familiares<\/h3>\n<p>AUDAX este organiza\u0163ie nonguvernamental\u0103, \u00eenfiin\u0163at\u0103 \u00een anul 2005, fiind centrul de antreprenoriat al Institutului Universitar Lisabona &#8211; ISCTE-IUL, av\u00e2nd forma juridic\u0103 de organiza\u0163ie non-profit.<\/p>\n<p>Serviciile oferite de Audax includ: Audax Start: Formare integrat\u0103 \u00een antreprenoriat, \u00eenfiin\u0163area de afaceri \u015fi afaceri de familie, Audax: Incubator 3600 \u2013 incubatorul de afaceri se dezvolt\u0103 \u00een jurul antreprenorului, oferind un set integrat de servicii adaptabile la o varietate de afaceri \u015fi faze de dezvoltare, Audax Connect: Consultan\u0163\u0103 pentru preg\u0103tirea planurilor de afaceri pentru start-up<\/p>\n<p><a class=\"read-more\" href=\"http:\/\/travail.mpe.ro\/?page_id=629\">detalii <i class=\"fa fa-arrow-right\"><\/i><\/a><\/p>\n\n\t\t<\/div> \n\t<\/div> \n\t\t<\/div> \n\t<\/div> \n<\/div>\n\t\t\t<\/div> \n\t\t<\/div>\n\t\t\t<ul class=\"tab-links\"><li style=\"width: 33.333333333333%\"><a class=\"tab-link1  active\" href=\"#tab-1391091012-1-55\"><i class=\"fa fa-hand-o-up\"><\/i> Inspectoratul \u015ecolar Jude\u0163ean Dolj<\/a><\/li><li style=\"width: 33.333333333333%\"><a class=\"tab-link2 \" href=\"#tab-1391091012-2-28\"><i class=\"fa fa-hand-o-up\"><\/i>Asocia\u0163ia EduFor Craiova<\/a><\/li><li style=\"width: 33.333333333333%\"><a class=\"tab-link3 \" href=\"#tab-1391091012-3-65\"><i class=\"fa fa-hand-o-up\"><\/i>UNIAUDAX<\/a><\/li><\/ul>\n\n\t<\/div> \n\t\t<\/div> \n\t<\/div> \n<\/div>\n","protected":false},"excerpt":{"rendered":"Studiul de cercetare realizat de Asocia\u0163ia \u201eMereu pentru Europa\u201d \u00een cadrul proiectului \u201eTRAVAIL - Tranzi\u021bia la via\u021ba activ\u0103 \u00een vederea integr\u0103rii pe pia\u021ba muncii pentru elevii din jude\u021bul Dolj\u201d arat\u0103 c\u0103 a\u015ftept\u0103rile elevilor \u00een viitoarea profesie sunt legate de bani \u015fi abia mai apoi de dezvoltare personal\u0103 \u015fi profesional\u0103. Aceste a\u015ftept\u0103ri sunt specifice v\u00e2rstei \u015fi [...]","protected":false},"author":1,"featured_media":0,"parent":0,"menu_order":0,"comment_status":"open","ping_status":"open","template":"homepage.php","meta":[],"_links":{"self":[{"href":"https:\/\/travail.mpe.ro\/index.php?rest_route=\/wp\/v2\/pages\/20"}],"collection":[{"href":"https:\/\/travail.mpe.ro\/index.php?rest_route=\/wp\/v2\/pages"}],"about":[{"href":"https:\/\/travail.mpe.ro\/index.php?rest_route=\/wp\/v2\/types\/page"}],"author":[{"embeddable":true,"href":"https:\/\/travail.mpe.ro\/index.php?rest_route=\/wp\/v2\/users\/1"}],"replies":[{"embeddable":true,"href":"https:\/\/travail.mpe.ro\/index.php?rest_route=%2Fwp%2Fv2%2Fcomments&post=20"}],"version-history":[{"count":37,"href":"https:\/\/travail.mpe.ro\/index.php?rest_route=\/wp\/v2\/pages\/20\/revisions"}],"predecessor-version":[{"id":1176,"href":"https:\/\/travail.mpe.ro\/index.php?rest_route=\/wp\/v2\/pages\/20\/revisions\/1176"}],"wp:attachment":[{"href":"https:\/\/travail.mpe.ro\/index.php?rest_route=%2Fwp%2Fv2%2Fmedia&parent=20"}],"curies":[{"name":"wp","href":"https:\/\/api.w.org\/{rel}","templated":true}]}}