{"id":911,"date":"2015-03-10T19:18:06","date_gmt":"2015-03-10T17:18:06","guid":{"rendered":"http:\/\/travail.mpe.ro\/?page_id=911"},"modified":"2015-03-17T10:18:32","modified_gmt":"2015-03-17T08:18:32","slug":"apel-privind-selectia-participantilor-la-taberele-de-dezvoltare-personala-si-profesionala","status":"publish","type":"page","link":"http:\/\/travail.mpe.ro\/?page_id=911","title":{"rendered":"Apel"},"content":{"rendered":"<h3>Prelungire trimitere candidaturi: 18.03.2015, ora 22.00<\/h3>\n<p><strong>\u00cen cadrul proiectului <\/strong><strong><em>activit\u0103\u021bilor suport pentru consiliere \u0219i orientare profesional\u0103 <\/em><\/strong>din cadrul proiectului<strong>\u00a0 <em>TRAVAIL \u2013 Tranzi\u021bia la via\u021ba activ\u0103 \u00een vederea integr\u0103rii pe pia\u021ba muncii pentru elevii din jude\u021bul Dolj, <\/em><\/strong><em>contract nr.: POS DRU\/161\/2.1\/G\/136067, vor fi organizate dou\u0103 t<\/em><strong>abere de dezvoltare personal\u0103 \u015fi profesional\u0103, dup\u0103 cum urmeaz\u0103:<\/strong><\/p>\n<ol>\n<li>Prima tab\u0103r\u0103: aprilie 2015 (\u00een vacan\u0163a de primavar\u0103) \u2013 20 participan\u0163i;<\/li>\n<li>A dou\u0103 tab\u0103r\u0103: august 2015 (\u00een vacan\u0163a de var\u0103) \u2013 20 participan\u0163i.<\/li>\n<\/ol>\n<p>\u00cen cadrul taberelor se vor derula activit\u0103\u0163i practice care vor viza <strong>dezvoltarea personal\u0103 \u015fi a competen\u0163elor antreprenoriale<\/strong>. Prin intermediul activit\u0103\u0163ilor propuse, organizatorii activit\u0103\u0163ilor vor urm\u0103ri valorificarea \u015fi stimularea a unor competen\u0163e ale elevilor participan\u0163i, precum:<\/p>\n<p>&#8211;\u00a0 comunicare<\/p>\n<p>&#8211;\u00a0 ascultare activ\u0103<\/p>\n<p>&#8211;\u00a0 argumentare<\/p>\n<p>&#8211;\u00a0 interac\u0163iune<\/p>\n<p>&#8211;\u00a0 participare activ\u0103<\/p>\n<p>&#8211;\u00a0 cooperare<\/p>\n<p>&#8211;\u00a0 rela\u0163ionare<\/p>\n<p>&#8211;\u00a0 lucrul \u00een echip\u0103<\/p>\n<p>&#8211;\u00a0 responsabilitate<\/p>\n<p>&#8211;\u00a0 con\u015ftientizare<\/p>\n<p>&#8211;\u00a0 \u00eencredere<\/p>\n<p>&#8211;\u00a0 empatie<\/p>\n<p>&#8211;\u00a0 identificarea punctele slabe \u015fi punctele forte<\/p>\n<p>&#8211;\u00a0 ini\u0163iativ\u0103<\/p>\n<p>&#8211;\u00a0 valorificarea oportunit\u0103\u0163ilor ap\u0103rute<\/p>\n<p>&#8211;\u00a0 planificare \u015fi gestionare de proiecte<\/p>\n<p>&#8211;\u00a0 transformarea ideilor \u00een ac\u0163iune: creativitate, inova\u0163ie, evaluare \u015fi asumare de riscuri<\/p>\n<p>Taberele vor fi <strong>finan\u0163ate integral<\/strong> din bugetul proiectului (cazare, mas\u0103 \u015fi transport) pentru to\u0163i participan\u0163ii.<\/p>\n<p>Taberele vor fi organizate \u00een Rom\u00e2nia \u00een loca\u0163ii comunicate elevilor selecta\u0163i cu cel pu\u0163in 10 zile \u00eenainte de \u00eenceperea acestora.<\/p>\n<p>Elevii participan\u0163i vor fi \u00eenso\u0163i\u0163i de cel pu\u0163in 2 exper\u0163i rom\u00e2ni din cadrul proiectului.<\/p>\n<p>Activit\u0103\u0163ile, metodele, instrumentele \u015fi programul de lucru din cadrul taberelor vor fi planificate, organizate, coordonate \u015fi monitorizate de doi exper\u0163i ai partenerului transna\u0163ional, UNIAUDAX \u2013 Centro de Investiga\u00e7\u00e3o e Apoio ao Empreendedorismo e Empresas Familiares (Centrul de Cercetare \u0219i Asisten\u021b\u0103 \u00een Antreprenoriat \u0219i Afaceri de Familie) din Portugalia. Acestea vor fi comunicate elevilor selecta\u0163i cu cel pu\u0163in 5 zile \u00eenainte.<\/p>\n<p>Ace\u015ftia vor stabili programul de lucru\u00a0: activit\u0103\u0163ile, metodele \u015fi instrumentele. Vor men\u0163ine permanent leg\u0103tura cu responsabilul activit\u0103\u0163i suport pentru preg\u0103tirea materialelor necesare desf\u0103\u015fur\u0103rii activit\u0103\u0163ilor propuse.<\/p>\n<p>Evaluarea activit\u0103\u0163ii elevilor va fi planificat\u0103 \u015fi desf\u0103\u015furat\u0103 de exper\u0163ii transna\u0163ionali. \u00cen cadrul taberelor vor fi desf\u0103\u015furat\u0103 o competi\u0163ie \u00een care vor fi implica\u0163ii elevii participan\u0163ii. C\u00e2\u015ftig\u0103torii vor fi primi premii \u00een bani, \u00een valoare de 900 lei\/tab\u0103r\u0103.<\/p>\n<p><strong>MOD DE LUCRU<\/strong><\/p>\n<ol>\n<li><strong>\u00a0\u00ceNSCRIEREA<\/strong><\/li>\n<\/ol>\n<p>Apelul privind selec\u0163ia participan\u0163ilor la taberele de dezvoltare personal\u0103 \u015fi profesional\u0103 va fi postat pe site-ul proiectului: <a href=\"http:\/\/www.travail.mpe.ro\/\">www.travail.mpe.ro<\/a> \u00een data de 10 martie 2015.<\/p>\n<p>Acesta va fi \u00eenso\u0163it de:<\/p>\n<p>&#8211;\u00a0\u00a0\u00a0\u00a0\u00a0\u00a0 <strong><a title=\"formular de candidatura\" href=\"http:\/\/travail.mpe.ro\/downloads\/Formular_de_candidatura.doc\">Formularul de candidatur\u0103\/Application form (Anexa 1).<\/a><\/strong><br \/>\n(Formularul de candidatura se va completa in limba engleza. Pentru a bifa casetele: dublu click pe casete)<\/p>\n<p>&#8211;\u00a0\u00a0\u00a0\u00a0\u00a0\u00a0<strong><a title=\"criterii de selectie\" href=\"http:\/\/travail.mpe.ro\/downloads\/Criterii_selectie.docx\"> Criteriile de selec\u0163ie (Anexa 2);<\/a><\/strong><\/p>\n<p>Elevii care \u00eendeplinesc criteriile de eligibilitate vor transmite formularul de candidatur\u0103 prin e-mail la adresa: <a href=\"mailto:contact@edufor.ro\">contact@edufor.ro<\/a> p\u00e2n\u0103 la data de 15 martie 2015 (inclusiv).<\/p>\n<p>&nbsp;<\/p>\n<ol start=\"2\">\n<li><strong>PROGRAMAREA LA\u00a0 INTERVIU<\/strong><\/li>\n<\/ol>\n<p>Elevii care au trimis formularul de candidatur\u0103 \u00een termenul stabilit, vor fi programa\u0163i pentru sus\u0163inerea interviului.\u00a0 Programarea la interviu va fi publicat\u0103 pe site-ul proiectului <a href=\"http:\/\/www.travail.mpe.ro\/\">www.travail.mpe.ro<\/a>.<\/p>\n<p>&nbsp;<\/p>\n<ol start=\"3\">\n<li><strong>SUS\u0162INEREA INTERVIULUI<\/strong><\/li>\n<\/ol>\n<p>Interviul va fi sus\u0163inut de fiecare elev \u00eenscris la sediul Asocia\u0163iei Mereu pentru Europa din Craiova str. C.D. Fortunescu, nr. 18, \u00een perioada 18-26 martie 2015, \u00een intervalul 15.00-17.00, conform programului publicat.<\/p>\n<p>Elevii candida\u0163i vor sus\u0163ine interviul \u00een prezen\u0163a responsabilului activit\u0103\u0163i suport \u015fi\/sau speciali\u015ftii activit\u0103\u0163i suport pentru consiliere \u015fi orientare profesional\u0103 din cadrul proiectului.<\/p>\n<p>Interviul va viza criteriile din Anexa 2.<\/p>\n<p>&nbsp;<\/p>\n<ol start=\"4\">\n<li><strong>SELEC\u0162IA PARTICIPAN\u0162ILOR<\/strong><\/li>\n<\/ol>\n<p>Vor fi declara\u0163i admi\u015fi 40 de elevi, \u00een ordinea descresc\u0103toare a punctajului ob\u0163inut \u00een urma sus\u0163inerii interviului.<\/p>\n<p>Vor fi selecta\u0163i:<\/p>\n<p>&#8211;\u00a0\u00a0\u00a0\u00a0\u00a0\u00a0 20 de elevi pentru participarea la prima tab\u0103r\u0103<\/p>\n<p>&#8211;\u00a0\u00a0\u00a0\u00a0\u00a0\u00a0 20 de elevi pentru participarea la a II-a tab\u0103r\u0103<\/p>\n<p>&#8211;\u00a0\u00a0\u00a0\u00a0\u00a0\u00a0 10 elevi pentru lista de rezerv\u0103 (ace\u015ftia vor participa la una dintre cele dou\u0103 tabere \u00een cazul retragerii elevilor declara\u0163i admi\u015fi)<\/p>\n<p>&nbsp;<\/p>\n<ol start=\"5\">\n<li><strong>PUBLICAREA REZULTATELOR<\/strong><\/li>\n<\/ol>\n<p>Rezultatele vor fi publicate \u00een data de 27 martie 2015 pe site-ul proiectului <a href=\"http:\/\/www.travail.mpe.ro\/\">www.travail.mpe.ro<\/a>.<\/p>\n<p>&nbsp;<\/p>\n<ol start=\"6\">\n<li><strong>PREG\u0102TIREA TABERELOR <\/strong><\/li>\n<\/ol>\n<p>Activit\u0103\u0163ile din cadrul taberelor se vor derula <strong>EXCLUSIV \u00ceN LIMBA ENGLEZ\u0102<\/strong>, fiind organizate, derulate, monitorizate evaluate de c\u0103tre exper\u0163ii protughezi.<\/p>\n<p>Speciali\u015ftii activit\u0103\u0163i suport vor men\u0163ine leg\u0103tura cu elevii selecta\u0163i pentru stabilirea detaliilor organizatorice: prelucrarea \u015fi asumarea regulamentului de organizare \u015fi desf\u0103\u015furare a taberelor, \u00eent\u00e2lniri cu p\u0103rin\u0163ii \u2013 exprimarea acordului scris, ob\u0163inerea avizului medical etc.<\/p>\n<p>Pentru buna desf\u0103\u015furare a activit\u0103\u0163ilor din cadrul taberelor, exper\u0163ii transna\u0163ionali vor transmite prin e-mail elevilor selecta\u0163i informa\u0163ii \u015fi materiale utile \u00een preg\u0103tirea acestora.<\/p>\n","protected":false},"excerpt":{"rendered":"<p>Prelungire trimitere candidaturi: 18.03.2015, ora 22.00 \u00cen cadrul proiectului activit\u0103\u021bilor suport pentru consiliere \u0219i orientare profesional\u0103 din cadrul proiectului\u00a0 TRAVAIL \u2013 Tranzi\u021bia la via\u021ba activ\u0103 \u00een vederea integr\u0103rii pe pia\u021ba muncii pentru elevii din jude\u021bul Dolj, contract nr.: POS DRU\/161\/2.1\/G\/136067, vor fi organizate dou\u0103 tabere de dezvoltare personal\u0103 \u015fi profesional\u0103, dup\u0103 cum urmeaz\u0103: Prima tab\u0103r\u0103: [&#8230;]<\/p>\n","protected":false},"author":1,"featured_media":0,"parent":0,"menu_order":0,"comment_status":"open","ping_status":"open","template":"","meta":[],"_links":{"self":[{"href":"http:\/\/travail.mpe.ro\/index.php?rest_route=\/wp\/v2\/pages\/911"}],"collection":[{"href":"http:\/\/travail.mpe.ro\/index.php?rest_route=\/wp\/v2\/pages"}],"about":[{"href":"http:\/\/travail.mpe.ro\/index.php?rest_route=\/wp\/v2\/types\/page"}],"author":[{"embeddable":true,"href":"http:\/\/travail.mpe.ro\/index.php?rest_route=\/wp\/v2\/users\/1"}],"replies":[{"embeddable":true,"href":"http:\/\/travail.mpe.ro\/index.php?rest_route=%2Fwp%2Fv2%2Fcomments&post=911"}],"version-history":[{"count":8,"href":"http:\/\/travail.mpe.ro\/index.php?rest_route=\/wp\/v2\/pages\/911\/revisions"}],"predecessor-version":[{"id":930,"href":"http:\/\/travail.mpe.ro\/index.php?rest_route=\/wp\/v2\/pages\/911\/revisions\/930"}],"wp:attachment":[{"href":"http:\/\/travail.mpe.ro\/index.php?rest_route=%2Fwp%2Fv2%2Fmedia&parent=911"}],"curies":[{"name":"wp","href":"https:\/\/api.w.org\/{rel}","templated":true}]}}